{"id":4710,"date":"2020-09-18T13:00:15","date_gmt":"2020-09-18T12:00:15","guid":{"rendered":"https:\/\/optimvent.com\/?page_id=4710"},"modified":"2025-04-23T11:04:49","modified_gmt":"2025-04-23T10:04:49","slug":"aviso-legal","status":"publish","type":"page","link":"https:\/\/optimvent.com\/es\/aviso-legal\/","title":{"rendered":"Aviso Legal"},"content":{"rendered":"\n<p><\/p>\n\n\n\n<h1 class=\"wp-block-heading\">Aviso Legal<\/h1>\n\n\n\n<h2 class=\"wp-block-heading\">INFORMACI\u00d3N GENERAL<\/h2>\n\n\n\n<p>En cumplimiento con el deber de informaci\u00f3n dispuesto en la Ley 34\/2002 de Servicios de la Sociedad de la Informaci\u00f3n y el Comercio Electr\u00f3nico (LSSI-CE) de 11 de julio, se facilitan a continuaci\u00f3n los siguientes datos de informaci\u00f3n general de este sitio web:<\/p>\n\n\n\n<p>La titularidad de este sitio web, Optimvent, con dominio https:\/\/optimvent.com, la ostenta IVS OPTIMVENT SRL, con NIF 37624666 y domicilio social en Str. Vasile Lucaciu 337\/C\/3 Arad \u2013 Ruman\u00eda, inscrita en el Registro Mercantil de Arad, Ruman\u00eda.<\/p>\n\n\n\n<p>Datos de contacto:<\/p>\n\n\n\n<ul class=\"wp-block-list\">\n<li>Tel\u00e9fono: +40 773 637 662<\/li>\n\n\n\n<li>Email: office@optimvent.ro<\/li>\n<\/ul>\n\n\n\n<h2 class=\"wp-block-heading\">T\u00c9RMINOS Y CONDICIONES DE USO<\/h2>\n\n\n\n<p>El acceso y utilizaci\u00f3n de este sitio web atribuye la condici\u00f3n de USUARIO, quien acepta, desde dicho acceso y\/o uso, las Condiciones Generales de Uso aqu\u00ed reflejadas sin perjuicio de la aplicaci\u00f3n de la correspondiente normativa de obligado cumplimiento legal seg\u00fan el caso.<\/p>\n\n\n\n<h2 class=\"wp-block-heading\">Uso del sitio web<\/h2>\n\n\n\n<p>https:\/\/optimvent.com proporciona informaci\u00f3n sobre ventiladores industriales, sus caracter\u00edsticas, aplicaciones y servicios relacionados. Las condiciones de acceso y uso del presente sitio web se rigen por la legalidad vigente y por el principio de buena fe, comprometi\u00e9ndose el usuario a realizar un buen uso de la web. Quedan prohibidos todos los actos que vulneren la legalidad, derechos o intereses de terceros.<\/p>\n\n\n\n<h2 class=\"wp-block-heading\">Propiedad intelectual e industrial<\/h2>\n\n\n\n<p>IVS OPTIMVENT SRL es titular de todos los derechos de propiedad intelectual e industrial de su p\u00e1gina web, as\u00ed como de los elementos contenidos en la misma (a t\u00edtulo enunciativo: im\u00e1genes, sonido, audio, v\u00eddeo, software o textos; marcas o logotipos, combinaciones de colores, estructura y dise\u00f1o, selecci\u00f3n de materiales usados, programas de ordenador necesarios para su funcionamiento, acceso y uso, etc.), titularidad de IVS OPTIMVENT SRL o bien de sus licenciantes.<\/p>\n\n\n\n<p>Cualquier uso no autorizado previamente por IVS OPTIMVENT SRL ser\u00e1 considerado un incumplimiento grave de los derechos de propiedad intelectual o industrial del autor.<\/p>\n\n\n\n<h2 class=\"wp-block-heading\">EXENCI\u00d3N DE RESPONSABILIDADES<\/h2>\n\n\n\n<p>IVS OPTIMVENT SRL se exime de cualquier tipo de responsabilidad derivada de la informaci\u00f3n publicada en su sitio web siempre que esta informaci\u00f3n haya sido manipulada o introducida por un tercero ajeno al mismo.<\/p>\n\n\n\n<h2 class=\"wp-block-heading\">LEGISLACI\u00d3N APLICABLE Y JURISDICCI\u00d3N<\/h2>\n\n\n\n<p>Para la resoluci\u00f3n de todas las controversias o cuestiones relacionadas con el presente sitio web o de las actividades en \u00e9l desarrolladas, ser\u00e1 de aplicaci\u00f3n la legislaci\u00f3n espa\u00f1ola, a la que se someten expresamente las partes, siendo competentes para la resoluci\u00f3n de todos los conflictos derivados o relacionados con su uso los Juzgados y Tribunales de Arad, Ruman\u00eda.<\/p>\n\n\n\n<div class=\"wp-block-group bottom-border is-nowrap is-layout-flex wp-container-core-group-is-layout-1 wp-block-group-is-layout-flex\"><\/div>\n","protected":false},"excerpt":{"rendered":"<p>Aviso Legal INFORMACI\u00d3N GENERAL En cumplimiento con el deber de informaci\u00f3n dispuesto en la Ley 34\/2002 de Servicios de la Sociedad de la Informaci\u00f3n y el Comercio Electr\u00f3nico (LSSI-CE) de 11 de julio, se facilitan a continuaci\u00f3n los siguientes datos de informaci\u00f3n general de este sitio web: La titularidad de este sitio web, Optimvent, con [&hellip;]<\/p>\n","protected":false},"author":6,"featured_media":0,"parent":0,"menu_order":0,"comment_status":"closed","ping_status":"closed","template":"page-no-title","meta":{"_seopress_robots_primary_cat":"","_seopress_titles_title":"","_seopress_titles_desc":"","_seopress_robots_index":"","footnotes":""},"class_list":["post-4710","page","type-page","status-publish","hentry"],"_links":{"self":[{"href":"https:\/\/optimvent.com\/es\/wp-json\/wp\/v2\/pages\/4710","targetHints":{"allow":["GET"]}}],"collection":[{"href":"https:\/\/optimvent.com\/es\/wp-json\/wp\/v2\/pages"}],"about":[{"href":"https:\/\/optimvent.com\/es\/wp-json\/wp\/v2\/types\/page"}],"author":[{"embeddable":true,"href":"https:\/\/optimvent.com\/es\/wp-json\/wp\/v2\/users\/6"}],"replies":[{"embeddable":true,"href":"https:\/\/optimvent.com\/es\/wp-json\/wp\/v2\/comments?post=4710"}],"version-history":[{"count":9,"href":"https:\/\/optimvent.com\/es\/wp-json\/wp\/v2\/pages\/4710\/revisions"}],"predecessor-version":[{"id":6140,"href":"https:\/\/optimvent.com\/es\/wp-json\/wp\/v2\/pages\/4710\/revisions\/6140"}],"wp:attachment":[{"href":"https:\/\/optimvent.com\/es\/wp-json\/wp\/v2\/media?parent=4710"}],"curies":[{"name":"wp","href":"https:\/\/api.w.org\/{rel}","templated":true}]}}