{"id":5489,"date":"2025-02-18T06:47:57","date_gmt":"2025-02-18T05:47:57","guid":{"rendered":"https:\/\/optimvent.com\/?page_id=5489"},"modified":"2025-07-04T11:26:04","modified_gmt":"2025-07-04T10:26:04","slug":"optimvent-ventiladores-hvls","status":"publish","type":"page","link":"https:\/\/optimvent.com\/es\/","title":{"rendered":"Optimvent\u00ae \u2013 Ventiladores HVLS"},"content":{"rendered":"\n<section class=\"wp-block-group alignwide homepage-section-container edge-to-edge is-horizontal is-content-justification-center is-layout-flex wp-container-core-group-is-layout-2 wp-block-group-is-layout-flex\" style=\"margin-top:0;margin-bottom:0;padding-top:0;padding-right:var(--wp--preset--spacing--medium);padding-bottom:0;padding-left:var(--wp--preset--spacing--medium)\">\n\n\n\n<div class=\"wp-block-group homepage-introduction-section-text has-global-padding is-layout-constrained wp-container-core-group-is-layout-1 wp-block-group-is-layout-constrained\" style=\"margin-top:var(--wp--preset--spacing--medium);margin-bottom:var(--wp--preset--spacing--medium);padding-top:var(--wp--preset--spacing--small);padding-right:0;padding-bottom:var(--wp--preset--spacing--small);padding-left:0\">\n<h1 class=\"wp-block-heading has-large-font-size\"><strong>Ventiladores HVLS OptimVent: Productividad, Confort y Ahorro Energ\u00e9tico<\/strong><\/h1>\n\n\n\n<pre class=\"wp-block-verse has-base-font-size\">Revoluciona la ventilaci\u00f3n en grandes espacios con tecnolog\u00eda HVLS. Reduce el calor, optimiza el consumo energ\u00e9tico y mejora la calidad del aire en industrias, almacenes, comercios y m\u00e1s.<\/pre>\n\n\n\n<h2 class=\"wp-block-heading has-text-color has-link-color has-medium-font-size wp-elements-eac95f4a4d51bdc1c243fdecd71d113a\" style=\"color:#4682b4\"><strong>La Soluci\u00f3n Definitiva en Ventilaci\u00f3n Industrial y Comercial<\/strong><\/h2>\n\n\n\n<p class=\"has-base-font-size\">En OptimVent, dise\u00f1amos ventiladores HVLS de alto rendimiento para mejorar la circulaci\u00f3n del aire en grandes superficies. Nuestra tecnolog\u00eda permite reducir la temperatura sin necesidad de sistemas de climatizaci\u00f3n costosos, asegurando bienestar, eficiencia y sostenibilidad.<\/p>\n\n\n\n<h3 class=\"wp-block-heading has-text-color has-link-color has-medium-font-size wp-elements-8ad8a84b7a4449a65fb1320fa16f4686\" style=\"color:#4682b4\"><strong>\u00bfPor qu\u00e9 elegir OptimVent?<\/strong><\/h3>\n\n\n\n<p class=\"has-base-font-size\"><span class=\"wp-rich-text-font-awesome-icon wp-font-awesome-icon\"><svg aria-hidden=\"true\" focusable=\"false\" data-prefix=\"fas\" data-icon=\"check\" class=\"svg-inline--fa fa-check \" role=\"img\" xmlns=\"http:\/\/www.w3.org\/2000\/svg\" viewBox=\"0 0 448 512\"><path fill=\"currentColor\" d=\"M438.6 105.4c12.5 12.5 12.5 32.8 0 45.3l-256 256c-12.5 12.5-32.8 12.5-45.3 0l-128-128c-12.5-12.5-12.5-32.8 0-45.3s32.8-12.5 45.3 0L160 338.7 393.4 105.4c12.5-12.5 32.8-12.5 45.3 0z\"><\/path><\/svg><\/span> Ahorro energ\u00e9tico \u2013 Reduce el consumo de aire acondicionado hasta un 50%.<br><span class=\"wp-rich-text-font-awesome-icon wp-font-awesome-icon\"><svg aria-hidden=\"true\" focusable=\"false\" data-prefix=\"fas\" data-icon=\"check\" class=\"svg-inline--fa fa-check \" role=\"img\" xmlns=\"http:\/\/www.w3.org\/2000\/svg\" viewBox=\"0 0 448 512\"><path fill=\"currentColor\" d=\"M438.6 105.4c12.5 12.5 12.5 32.8 0 45.3l-256 256c-12.5 12.5-32.8 12.5-45.3 0l-128-128c-12.5-12.5-12.5-32.8 0-45.3s32.8-12.5 45.3 0L160 338.7 393.4 105.4c12.5-12.5 32.8-12.5 45.3 0z\"><\/path><\/svg><\/span> Mayor confort \u2013 Elimina puntos calientes y mejora la calidad del aire.<br><span class=\"wp-rich-text-font-awesome-icon wp-font-awesome-icon\"><svg aria-hidden=\"true\" focusable=\"false\" data-prefix=\"fas\" data-icon=\"check\" class=\"svg-inline--fa fa-check \" role=\"img\" xmlns=\"http:\/\/www.w3.org\/2000\/svg\" viewBox=\"0 0 448 512\"><path fill=\"currentColor\" d=\"M438.6 105.4c12.5 12.5 12.5 32.8 0 45.3l-256 256c-12.5 12.5-32.8 12.5-45.3 0l-128-128c-12.5-12.5-12.5-32.8 0-45.3s32.8-12.5 45.3 0L160 338.7 393.4 105.4c12.5-12.5 32.8-12.5 45.3 0z\"><\/path><\/svg><\/span> Circulaci\u00f3n eficiente \u2013 Ventilaci\u00f3n \u00f3ptima con menos equipos.<br><span class=\"wp-rich-text-font-awesome-icon wp-font-awesome-icon\"><svg aria-hidden=\"true\" focusable=\"false\" data-prefix=\"fas\" data-icon=\"check\" class=\"svg-inline--fa fa-check \" role=\"img\" xmlns=\"http:\/\/www.w3.org\/2000\/svg\" viewBox=\"0 0 448 512\"><path fill=\"currentColor\" d=\"M438.6 105.4c12.5 12.5 12.5 32.8 0 45.3l-256 256c-12.5 12.5-32.8 12.5-45.3 0l-128-128c-12.5-12.5-12.5-32.8 0-45.3s32.8-12.5 45.3 0L160 338.7 393.4 105.4c12.5-12.5 32.8-12.5 45.3 0z\"><\/path><\/svg><\/span> Durabilidad y ZERO mantenimiento \u2013 Motores de alta eficiencia y larga vida \u00fatil.<\/p>\n\n\n\n<p class=\"has-text-color has-link-color wp-elements-d2ba9b038c5303f265d23676c52e99d7\" style=\"color:#4682b4\"><strong>Mejora la climatizaci\u00f3n de tu empresa con OptimVent. Solicita una cotizaci\u00f3n gratuita ahora.<\/strong><\/p>\n\n\n\n<div class=\"wp-block-buttons is-content-justification-center is-layout-flex wp-container-core-buttons-is-layout-1 wp-block-buttons-is-layout-flex\">\n<div class=\"wp-block-button is-style-outline custom-button is-style-outline--1\"><a class=\"wp-block-button__link wp-element-button\" href=\"https:\/\/optimvent.com\/es\/contactanos\/\"><strong>Solicita una cotizaci\u00f3n<\/strong><\/a><\/div>\n<\/div>\n<\/div>\n\n\n\n<figure class=\"wp-block-image size-full is-style-rounded homepage-section-image\"><img loading=\"lazy\" decoding=\"async\" width=\"800\" height=\"534\" src=\"https:\/\/optimvent.com\/wp-content\/uploads\/2020\/04\/HVLS-Optimvent-Centros_Comerciales1280x854.jpg\" alt=\"Ventilatores Optimvent centro comercial\" class=\"wp-image-4553\" style=\"object-fit:cover\" srcset=\"https:\/\/optimvent.com\/wp-content\/uploads\/2020\/04\/HVLS-Optimvent-Centros_Comerciales1280x854.jpg 800w, https:\/\/optimvent.com\/wp-content\/uploads\/2020\/04\/HVLS-Optimvent-Centros_Comerciales1280x854-640x427.jpg 640w, https:\/\/optimvent.com\/wp-content\/uploads\/2020\/04\/HVLS-Optimvent-Centros_Comerciales1280x854-768x513.jpg 768w, https:\/\/optimvent.com\/wp-content\/uploads\/2020\/04\/HVLS-Optimvent-Centros_Comerciales1280x854-320x214.jpg 320w\" sizes=\"auto, (max-width: 800px) 100vw, 800px\" \/><\/figure>\n<\/section>\n\n\n\n<hr class=\"wp-block-separator has-alpha-channel-opacity is-style-dots edge-to-edge\"\/>\n\n\n\n<section class=\"wp-block-group alignwide homepage-section-container is-style-default edge-to-edge has-background is-horizontal is-content-justification-center is-nowrap is-layout-flex wp-container-core-group-is-layout-7 wp-block-group-is-layout-flex\" style=\"background-color:#ebebeb\">\n<div class=\"wp-block-group homepage-solutions-section-text has-global-padding is-layout-constrained wp-container-core-group-is-layout-6 wp-block-group-is-layout-constrained\" style=\"margin-top:var(--wp--preset--spacing--medium);margin-bottom:var(--wp--preset--spacing--medium);padding-right:0;padding-left:0\">\n<h2 class=\"wp-block-heading has-text-align-center has-large-font-size\"><strong>Soluciones para Cada Espacio y Necesidad<\/strong><\/h2>\n\n\n\n<pre class=\"wp-block-verse has-text-color has-link-color has-base-font-size wp-elements-cab3ff498c62bfd9849df56e194e537e\" style=\"color:#4682b4;padding-right:var(--wp--preset--spacing--medium);padding-left:var(--wp--preset--spacing--medium)\">Descubre c\u00f3mo nuestros ventiladores HVLS resuelven problemas comunes en grandes instalaciones.<\/pre>\n\n\n\n<div class=\"wp-block-group homepage-solutions-section-columns is-nowrap is-layout-flex wp-container-core-group-is-layout-5 wp-block-group-is-layout-flex\" style=\"padding-top:var(--wp--preset--spacing--medium);padding-right:var(--wp--preset--spacing--medium);padding-bottom:var(--wp--preset--spacing--medium);padding-left:var(--wp--preset--spacing--medium)\">\n<div class=\"wp-block-group is-vertical is-layout-flex wp-container-core-group-is-layout-3 wp-block-group-is-layout-flex\">\n<h3 class=\"wp-block-heading has-text-align-left has-medium-font-size wp-container-content-3\" style=\"padding-top:0;padding-bottom:0\"><strong>Exceso de Calor en Grandes Espacios<\/strong><\/h3>\n\n\n\n<p class=\"has-base-font-size wp-container-content-4\">La acumulaci\u00f3n de calor en f\u00e1bricas, gimnasios y centros log\u00edsticos afecta la productividad y el bienestar. Nuestros ventiladores reducen la sensaci\u00f3n t\u00e9rmica y mantienen una temperatura estable.<br><strong>\u00a1Optimiza la ventilaci\u00f3n en tu negocio! <\/strong><\/p>\n\n\n\n<h3 class=\"wp-block-heading has-text-align-left has-medium-font-size\" style=\"padding-top:0;padding-bottom:0\"><strong>Mala Circulaci\u00f3n de Aire y Olores<\/strong><\/h3>\n\n\n\n<p class=\"has-text-align-left wp-container-content-5\">En espacios cerrados, la mala ventilaci\u00f3n genera olores y aire viciado. Con OptimVent, garantizas un ambiente fresco y saludable en oficinas, almacenes y restaurantes.<br><strong>Mejora la calidad del aire con nuestra tecnolog\u00eda HVLS.<\/strong><\/p>\n<\/div>\n\n\n\n<div class=\"wp-block-group is-vertical is-layout-flex wp-container-core-group-is-layout-4 wp-block-group-is-layout-flex\">\n<h3 class=\"wp-block-heading has-text-align-left has-medium-font-size\" style=\"padding-top:0;padding-bottom:0\"><strong>Ahorro Energ\u00e9tico y Eficiencia en Climatizaci\u00f3n<\/strong><\/h3>\n\n\n\n<p class=\"has-base-font-size\">Reduce el uso de sistemas de aire acondicionado y calefacci\u00f3n con nuestros ventiladores de gran volumen. Menos consumo, m\u00e1s eficiencia.<br><strong>Reduce costos energ\u00e9ticos. Pide tu asesor\u00eda hoy.<\/strong><\/p>\n\n\n\n<h3 class=\"wp-block-heading has-text-align-left\" style=\"padding-top:0;padding-bottom:0\"><strong>Control de Humedad y Condensaci\u00f3n<\/strong><\/h3>\n\n\n\n<p class=\"has-base-font-size\">Evita la formaci\u00f3n de moho, corrosi\u00f3n y da\u00f1os en productos almacenados. OptimVent mantiene el aire en movimiento para espacios m\u00e1s seguros y secos.<br><strong>Consulta nuestras soluciones para tu industria.<\/strong><\/p>\n<\/div>\n<\/div>\n\n\n\n<div class=\"wp-block-buttons is-content-justification-center is-layout-flex wp-container-core-buttons-is-layout-2 wp-block-buttons-is-layout-flex\">\n<div class=\"wp-block-button is-style-outline custom-button is-style-outline--2\"><a class=\"wp-block-button__link wp-element-button\" href=\"https:\/\/optimvent.com\/es\/contactanos\/\"><strong>Contacta con nosotros.<\/strong><\/a><\/div>\n<\/div>\n<\/div>\n<\/section>\n\n\n\n<hr class=\"wp-block-separator has-alpha-channel-opacity is-style-dots edge-to-edge\"\/>\n\n\n\n<section class=\"wp-block-group alignwide homepage-section-container edge-to-edge is-horizontal is-content-justification-center is-nowrap is-layout-flex wp-container-core-group-is-layout-13 wp-block-group-is-layout-flex\">\n<div class=\"wp-block-group is-layout-flow wp-block-group-is-layout-flow\" style=\"margin-top:var(--wp--preset--spacing--medium);margin-bottom:var(--wp--preset--spacing--medium);padding-right:var(--wp--preset--spacing--medium);padding-left:var(--wp--preset--spacing--medium)\">\n<div id=\"homepage-products-section-text\" class=\"wp-block-group homepage-section-text-and-image-text has-global-padding is-content-justification-center is-layout-constrained wp-block-group-is-layout-constrained\">\n<h2 class=\"wp-block-heading has-text-align-center has-large-font-size\">Ventiladores Industriales HVLS de Optimvent\u00ae<\/h2>\n\n\n\n<p class=\"has-text-align-center\">Los ventiladores industriales HVLS de Optimvent mueven un gran volumen de aire, a bajas revoluciones, mejorando la temperatura de cualquier espacio, independientemente de su tama\u00f1o o altura. Con di\u00e1metros que oscilan entre 2.5m y 7m, nuestros ventiladores gigantes aseguran la distribuci\u00f3n \u00f3ptima del aire en todo tipo de instalaciones, proporcionando el m\u00e1s alto nivel de confort t\u00e9rmico y eficiencia energetica<\/p>\n<\/div>\n\n\n\n<div class=\"wp-block-group is-content-justification-center is-layout-flex wp-container-core-group-is-layout-11 wp-block-group-is-layout-flex\" style=\"padding-top:var(--wp--preset--spacing--medium);padding-bottom:var(--wp--preset--spacing--medium)\">\n<div class=\"wp-block-group has-global-padding is-layout-constrained wp-block-group-is-layout-constrained\">\n<figure class=\"wp-block-image size-full is-style-rounded homepage-section-image\"><img loading=\"lazy\" decoding=\"async\" width=\"2560\" height=\"1708\" src=\"https:\/\/optimvent.com\/wp-content\/uploads\/2020\/02\/OptimVent-HVLS-Ventus-70-scaled.jpg\" alt=\"Ventiladores Industriales HVLS de Optimvent - Optimus\" class=\"wp-image-4014\" style=\"object-fit:cover\" srcset=\"https:\/\/optimvent.com\/wp-content\/uploads\/2020\/02\/OptimVent-HVLS-Ventus-70-scaled.jpg 2560w, https:\/\/optimvent.com\/wp-content\/uploads\/2020\/02\/OptimVent-HVLS-Ventus-70-640x427.jpg 640w, https:\/\/optimvent.com\/wp-content\/uploads\/2020\/02\/OptimVent-HVLS-Ventus-70-1280x854.jpg 1280w, https:\/\/optimvent.com\/wp-content\/uploads\/2020\/02\/OptimVent-HVLS-Ventus-70-768x512.jpg 768w, https:\/\/optimvent.com\/wp-content\/uploads\/2020\/02\/OptimVent-HVLS-Ventus-70-1536x1025.jpg 1536w, https:\/\/optimvent.com\/wp-content\/uploads\/2020\/02\/OptimVent-HVLS-Ventus-70-2048x1366.jpg 2048w, https:\/\/optimvent.com\/wp-content\/uploads\/2020\/02\/OptimVent-HVLS-Ventus-70-320x213.jpg 320w\" sizes=\"auto, (max-width: 2560px) 100vw, 2560px\" \/><\/figure>\n<\/div>\n\n\n\n<div class=\"wp-block-group has-global-padding is-layout-constrained wp-block-group-is-layout-constrained\">\n<figure class=\"wp-block-image size-full is-style-rounded homepage-section-image\"><img loading=\"lazy\" decoding=\"async\" width=\"2560\" height=\"1708\" src=\"https:\/\/optimvent.com\/wp-content\/uploads\/2020\/04\/HVLS-scaled.jpg\" alt=\"Ventiladores Industriales HVLS de Optimvent - Ventus\" class=\"wp-image-4191\" style=\"object-fit:cover\" srcset=\"https:\/\/optimvent.com\/wp-content\/uploads\/2020\/04\/HVLS-scaled.jpg 2560w, https:\/\/optimvent.com\/wp-content\/uploads\/2020\/04\/HVLS-640x427.jpg 640w, https:\/\/optimvent.com\/wp-content\/uploads\/2020\/04\/HVLS-1280x854.jpg 1280w, https:\/\/optimvent.com\/wp-content\/uploads\/2020\/04\/HVLS-768x512.jpg 768w, https:\/\/optimvent.com\/wp-content\/uploads\/2020\/04\/HVLS-1536x1025.jpg 1536w, https:\/\/optimvent.com\/wp-content\/uploads\/2020\/04\/HVLS-2048x1366.jpg 2048w, https:\/\/optimvent.com\/wp-content\/uploads\/2020\/04\/HVLS-320x213.jpg 320w\" sizes=\"auto, (max-width: 2560px) 100vw, 2560px\" \/><\/figure>\n<\/div>\n<\/div>\n\n\n\n<div class=\"wp-block-buttons is-content-justification-center is-layout-flex wp-container-core-buttons-is-layout-3 wp-block-buttons-is-layout-flex\">\n<div class=\"wp-block-button is-style-outline custom-button is-style-outline--3\"><a class=\"wp-block-button__link wp-element-button\" href=\"https:\/\/optimvent.com\/es\/contactanos\/\">Solicitar m\u00e1s informaci\u00f3n<\/a><\/div>\n<\/div>\n<\/div>\n<\/section>\n\n\n\n<hr class=\"wp-block-separator has-alpha-channel-opacity is-style-dots edge-to-edge\"\/>\n\n\n\n<section class=\"wp-block-group alignwide homepage-section-container edge-to-edge is-horizontal is-content-justification-center is-layout-flex wp-container-core-group-is-layout-15 wp-block-group-is-layout-flex\" style=\"margin-top:0;margin-bottom:0;padding-top:0;padding-right:var(--wp--preset--spacing--medium);padding-bottom:0;padding-left:var(--wp--preset--spacing--medium)\">\n<figure class=\"wp-block-image size-full is-resized is-style-rounded homepage-section-image\"><img loading=\"lazy\" decoding=\"async\" width=\"2560\" height=\"1441\" src=\"https:\/\/optimvent.com\/wp-content\/uploads\/2025\/04\/20250311_175037-scaled.jpg\" alt=\"Ventiladores Industriales Optimvent para gimnasios\" class=\"wp-image-5767\" style=\"width:800px\" srcset=\"https:\/\/optimvent.com\/wp-content\/uploads\/2025\/04\/20250311_175037-scaled.jpg 2560w, https:\/\/optimvent.com\/wp-content\/uploads\/2025\/04\/20250311_175037-640x360.jpg 640w, https:\/\/optimvent.com\/wp-content\/uploads\/2025\/04\/20250311_175037-1280x720.jpg 1280w, https:\/\/optimvent.com\/wp-content\/uploads\/2025\/04\/20250311_175037-768x432.jpg 768w, https:\/\/optimvent.com\/wp-content\/uploads\/2025\/04\/20250311_175037-1536x864.jpg 1536w, https:\/\/optimvent.com\/wp-content\/uploads\/2025\/04\/20250311_175037-2048x1153.jpg 2048w\" sizes=\"auto, (max-width: 2560px) 100vw, 2560px\" \/><\/figure>\n\n\n\n<div class=\"wp-block-group homepage-introduction-section-text has-global-padding is-layout-constrained wp-container-core-group-is-layout-14 wp-block-group-is-layout-constrained\" style=\"margin-top:var(--wp--preset--spacing--medium);margin-bottom:var(--wp--preset--spacing--medium);padding-top:var(--wp--preset--spacing--small);padding-right:0;padding-bottom:var(--wp--preset--spacing--small);padding-left:0\">\n<h2 class=\"wp-block-heading has-text-align-center has-large-font-size\"><strong><strong>Aplicaciones de los Ventiladores HVLS OptimVent<\/strong><\/strong><\/h2>\n\n\n\n<p class=\"has-text-color has-link-color wp-elements-0b3923820211fb908ec21c57bed12831\" style=\"color:#4682b4\"><strong>Nuestros ventiladores son ideales para una gran variedad de sectores:<\/strong><\/p>\n\n\n\n<pre class=\"wp-block-verse has-base-font-size\" style=\"padding-right:var(--wp--preset--spacing--medium);padding-left:var(--wp--preset--spacing--medium)\"><strong>Industria y manufactura<\/strong> <br>Reducci\u00f3n de calor y mejora del confort en f\u00e1bricas.<br><br><strong>Almacenes y centros log\u00edsticos<\/strong><br>Climatizaci\u00f3n eficiente para trabajadores y mercanc\u00edas.<br><br><strong>Ganader\u00eda y agricultura<\/strong><br>Regulaci\u00f3n t\u00e9rmica en granjas y establos.<br><br><strong>Centros comerciales y retail<\/strong><br>Experiencia de compra m\u00e1s agradable.<br><br><strong>Gimnasios y espacios deportivos<\/strong><br>Mayor confort para entrenamientos exigentes.<br><br><strong>Hangares y aeropuertos<\/strong> <br>Optimizaci\u00f3n del flujo de aire en grandes superficies.<br><br><strong>Espacios educativos<\/strong> <br>Aulas, auditorios y gimnasios m\u00e1s confortables y saludables.<br><br><strong>Hospitales y centros de salud<\/strong> <br>Contribuye a un entorno m\u00e1s seguro y ventilado.<br><br><strong>Hoteles y restaurantes<\/strong> <br>Mejora la experiencia de hu\u00e9spedes y comensales con un clima agradable.<br><br><strong>Eventos y recintos feriales<\/strong> <br>Climatizaci\u00f3n eficiente para grandes concentraciones de personas.<br><\/pre>\n<\/div>\n<\/section>\n\n\n\n<div class=\"wp-block-buttons is-content-justification-center is-layout-flex wp-container-core-buttons-is-layout-4 wp-block-buttons-is-layout-flex\" style=\"margin-top:0;margin-bottom:var(--wp--preset--spacing--large)\">\n<div class=\"wp-block-button is-style-outline custom-button is-style-outline--4\"><a class=\"wp-block-button__link wp-element-button\" href=\"https:\/\/optimvent.com\/es\/sectores\/\"><strong><strong><strong>Encuentra la soluci\u00f3n perfecta para tu sector<\/strong><\/strong><\/strong><\/a><\/div>\n<\/div>\n","protected":false},"excerpt":{"rendered":"<p>Ventiladores HVLS OptimVent: Productividad, Confort y Ahorro Energ\u00e9tico Revoluciona la ventilaci\u00f3n en grandes espacios con tecnolog\u00eda HVLS. Reduce el calor, optimiza el consumo energ\u00e9tico y mejora la calidad del aire en industrias, almacenes, comercios y m\u00e1s. La Soluci\u00f3n Definitiva en Ventilaci\u00f3n Industrial y Comercial En OptimVent, dise\u00f1amos ventiladores HVLS de alto rendimiento para mejorar la [&hellip;]<\/p>\n","protected":false},"author":5,"featured_media":0,"parent":0,"menu_order":0,"comment_status":"closed","ping_status":"closed","template":"page-no-title","meta":{"_seopress_robots_primary_cat":"","_seopress_titles_title":"","_seopress_titles_desc":"","_seopress_robots_index":"","footnotes":""},"class_list":["post-5489","page","type-page","status-publish","hentry"],"_links":{"self":[{"href":"https:\/\/optimvent.com\/es\/wp-json\/wp\/v2\/pages\/5489","targetHints":{"allow":["GET"]}}],"collection":[{"href":"https:\/\/optimvent.com\/es\/wp-json\/wp\/v2\/pages"}],"about":[{"href":"https:\/\/optimvent.com\/es\/wp-json\/wp\/v2\/types\/page"}],"author":[{"embeddable":true,"href":"https:\/\/optimvent.com\/es\/wp-json\/wp\/v2\/users\/5"}],"replies":[{"embeddable":true,"href":"https:\/\/optimvent.com\/es\/wp-json\/wp\/v2\/comments?post=5489"}],"version-history":[{"count":173,"href":"https:\/\/optimvent.com\/es\/wp-json\/wp\/v2\/pages\/5489\/revisions"}],"predecessor-version":[{"id":6291,"href":"https:\/\/optimvent.com\/es\/wp-json\/wp\/v2\/pages\/5489\/revisions\/6291"}],"wp:attachment":[{"href":"https:\/\/optimvent.com\/es\/wp-json\/wp\/v2\/media?parent=5489"}],"curies":[{"name":"wp","href":"https:\/\/api.w.org\/{rel}","templated":true}]}}