{"id":5540,"date":"2025-02-28T06:11:31","date_gmt":"2025-02-28T05:11:31","guid":{"rendered":"https:\/\/optimvent.com\/?page_id=5540"},"modified":"2025-04-10T08:14:19","modified_gmt":"2025-04-10T07:14:19","slug":"contactanos","status":"publish","type":"page","link":"https:\/\/optimvent.com\/es\/contactanos\/","title":{"rendered":"Cont\u00e1ctanos"},"content":{"rendered":"\n<div class=\"wp-block-group contact-page is-content-justification-left is-nowrap is-layout-flex wp-container-core-group-is-layout-11 wp-block-group-is-layout-flex\">\n<div class=\"wp-block-group contact-form-section-left is-vertical is-nowrap is-layout-flex wp-container-core-group-is-layout-1 wp-block-group-is-layout-flex\">\n<h3 class=\"wp-block-heading\" style=\"text-transform:uppercase\">Env\u00edanos tu mensaje<\/h3>\n\n\n\n<p class=\"width-80-percent has-small-font-size\">Complete el formulario adjunto y nos comunicaremos con usted lo antes posible.<\/p>\n\n\n\n<div class=\"wpcf7 no-js\" id=\"wpcf7-f1339-o1\" lang=\"en-US\" dir=\"ltr\" data-wpcf7-id=\"1339\">\n<div class=\"screen-reader-response\"><p role=\"status\" aria-live=\"polite\" aria-atomic=\"true\"><\/p> <ul><\/ul><\/div>\n<form action=\"\/es\/wp-json\/wp\/v2\/pages\/5540#wpcf7-f1339-o1\" method=\"post\" class=\"wpcf7-form init\" aria-label=\"Contact form\" novalidate=\"novalidate\" data-status=\"init\">\n<div style=\"display: none;\">\n<input type=\"hidden\" name=\"_wpcf7\" value=\"1339\" \/>\n<input type=\"hidden\" name=\"_wpcf7_version\" value=\"6.0.6\" \/>\n<input type=\"hidden\" name=\"_wpcf7_locale\" value=\"en_US\" \/>\n<input type=\"hidden\" name=\"_wpcf7_unit_tag\" value=\"wpcf7-f1339-o1\" \/>\n<input type=\"hidden\" name=\"_wpcf7_container_post\" value=\"0\" \/>\n<input type=\"hidden\" name=\"_wpcf7_posted_data_hash\" value=\"\" \/>\n<input type=\"hidden\" name=\"_wpcf7_recaptcha_response\" value=\"\" \/>\n<\/div>\n<div class=\"btContact\">\n\t<div class=\"btContactRow\">\n\t\t<div class=\"btContactColumnLeft\">\n\t\t\t<p><label>Nombre<\/label><span class=\"wpcf7-form-control-wrap\" data-name=\"your-name\"><input size=\"40\" maxlength=\"400\" class=\"wpcf7-form-control wpcf7-text wpcf7-validates-as-required\" aria-required=\"true\" aria-invalid=\"false\" value=\"\" type=\"text\" name=\"your-name\" \/><\/span>\n\t\t\t<\/p>\n\t\t<\/div>\n\t\t<div class=\"btContactColumnRight\">\n\t\t\t<p><label>Apellido<\/label><span class=\"wpcf7-form-control-wrap\" data-name=\"your-lastname\"><input size=\"40\" maxlength=\"400\" class=\"wpcf7-form-control wpcf7-text wpcf7-validates-as-required\" aria-required=\"true\" aria-invalid=\"false\" value=\"\" type=\"text\" name=\"your-lastname\" \/><\/span>\n\t\t\t<\/p>\n\t\t<\/div>\n\t<\/div>\n\t<div class=\"btContactRow\">\n\t\t<div class=\"btContactColumnLeft\">\n\t\t\t<p><label>Email<\/label><span class=\"wpcf7-form-control-wrap\" data-name=\"your-email\"><input size=\"40\" maxlength=\"400\" class=\"wpcf7-form-control wpcf7-email wpcf7-validates-as-required wpcf7-text wpcf7-validates-as-email\" aria-required=\"true\" aria-invalid=\"false\" value=\"\" type=\"email\" name=\"your-email\" \/><\/span>\n\t\t\t<\/p>\n\t\t<\/div>\n\t\t<div class=\"btContactColumnRight\">\n\t\t\t<p><label>N\u00famero de tel\u00e9fono<\/label><span class=\"wpcf7-form-control-wrap\" data-name=\"your-phone\"><input size=\"40\" maxlength=\"400\" class=\"wpcf7-form-control wpcf7-tel wpcf7-validates-as-required wpcf7-text wpcf7-validates-as-tel\" aria-required=\"true\" aria-invalid=\"false\" value=\"\" type=\"tel\" name=\"your-phone\" \/><\/span>\n\t\t\t<\/p>\n\t\t<\/div>\n\t<\/div>\n\t<div class=\"btContactRow\">\n\t\t<p><label> Mensaje<\/label><span class=\"wpcf7-form-control-wrap\" data-name=\"your-message\"><textarea cols=\"40\" rows=\"10\" maxlength=\"2000\" class=\"wpcf7-form-control wpcf7-textarea\" aria-invalid=\"false\" name=\"your-message\"><\/textarea><\/span>\n\t\t<\/p>\n\t<\/div>\n\t<p><input class=\"wpcf7-form-control wpcf7-submit has-spinner\" type=\"submit\" value=\"Enviar\" \/>\n\t<\/p>\n<\/div><div class=\"wpcf7-response-output\" aria-hidden=\"true\"><\/div>\n<\/form>\n<\/div>\n\n<\/div>\n\n\n\n<div class=\"wp-block-group contact-form-section-right is-vertical is-nowrap is-layout-flex wp-container-core-group-is-layout-10 wp-block-group-is-layout-flex\">\n<h3 class=\"wp-block-heading\" style=\"text-transform:uppercase\">Cont\u00e1ctanos<\/h3>\n\n\n\n<div class=\"wp-block-group is-vertical is-layout-flex wp-container-core-group-is-layout-5 wp-block-group-is-layout-flex\">\n<h3 class=\"wp-block-heading contact-form-section-right-row\" style=\"font-style:normal;font-weight:500;line-height:1;text-transform:capitalize\"><strong>Optimvent Espa\u00f1a<\/strong><\/h3>\n\n\n\n<div class=\"wp-block-group contact-form-section-right-row is-horizontal is-nowrap is-layout-flex wp-container-core-group-is-layout-2 wp-block-group-is-layout-flex\" style=\"line-height:1.5\">\n<p class=\"has-small-font-size\"><a href=\"https:\/\/maps.app.goo.gl\/WZB6zxtoVW3U7DxU7\" target=\"_blank\" rel=\"noreferrer noopener\"><i class=\"fa-solid fa-globe\"><\/i><\/a><\/p>\n\n\n\n<p class=\"has-small-font-size\"> c\/ Sor Josefa Alcorta, 18 Elche \u2013 Alicante<\/p>\n<\/div>\n\n\n\n<div class=\"wp-block-group contact-form-section-right-row is-nowrap is-layout-flex wp-container-core-group-is-layout-3 wp-block-group-is-layout-flex\" style=\"line-height:1\">\n<p class=\"has-small-font-size\"><a href=\"mailto:office@optimvent.com\"><i class=\"fa-solid fa-at\"><\/i><\/a> <\/p>\n\n\n\n<p class=\"has-small-font-size\">info@optimvent.com<\/p>\n<\/div>\n\n\n\n<div class=\"wp-block-group contact-form-section-right-row is-nowrap is-layout-flex wp-container-core-group-is-layout-4 wp-block-group-is-layout-flex\" style=\"line-height:1\">\n<p class=\"has-small-font-size\"><a href=\"tel:+34617879897\"><i class=\"fa-solid fa-mobile-screen-button\"><\/i><\/a><\/p>\n\n\n\n<p class=\"has-small-font-size\">+34 617 879 897<\/p>\n<\/div>\n<\/div>\n\n\n\n<div class=\"wp-block-group is-vertical is-layout-flex wp-container-core-group-is-layout-9 wp-block-group-is-layout-flex\" style=\"padding-top:var(--wp--preset--spacing--medium);padding-bottom:var(--wp--preset--spacing--medium)\">\n<h3 class=\"wp-block-heading contact-form-section-right-row\" style=\"font-style:normal;font-weight:500;text-transform:capitalize\"><strong>Optimvent Ruman\u00eda<\/strong><\/h3>\n\n\n\n<div class=\"wp-block-group contact-form-section-right-row is-nowrap is-layout-flex wp-container-core-group-is-layout-6 wp-block-group-is-layout-flex\" style=\"padding-top:0px;padding-bottom:0px\">\n<p class=\"has-small-font-size\"><a href=\"https:\/\/maps.app.goo.gl\/vu8Z6xH8evSJnJ8y9\" target=\"_blank\" rel=\"noreferrer noopener\"><i class=\"fa-solid fa-globe\"><\/i><\/a><\/p>\n\n\n\n<p class=\"has-small-font-size\">Str. Vasile Lucaciu 337\/C\/3 Arad \u2013 Ruman\u00eda<\/p>\n<\/div>\n\n\n\n<div class=\"wp-block-group contact-form-section-right-row is-nowrap is-layout-flex wp-container-core-group-is-layout-7 wp-block-group-is-layout-flex\">\n<p class=\"has-small-font-size\"><a href=\"mailto:office@optimvent.com\"><i class=\"fa-solid fa-at\"><\/i><\/a> <\/p>\n\n\n\n<p class=\"has-small-font-size\">office@optimvent.ro<\/p>\n<\/div>\n\n\n\n<div class=\"wp-block-group contact-form-section-right-row is-nowrap is-layout-flex wp-container-core-group-is-layout-8 wp-block-group-is-layout-flex\">\n<p class=\"has-small-font-size\"><a href=\"tel:+34617879897\"><i class=\"fa-solid fa-mobile-screen-button\"><\/i><\/a><\/p>\n\n\n\n<p class=\"has-small-font-size\">+4 0773 637 662<\/p>\n<\/div>\n<\/div>\n<\/div>\n<\/div>\n\n\n\n<div class=\"wp-block-group bottom-border is-nowrap is-layout-flex wp-container-core-group-is-layout-12 wp-block-group-is-layout-flex\"><\/div>\n","protected":false},"excerpt":{"rendered":"<p>Env\u00edanos tu mensaje Complete el formulario adjunto y nos comunicaremos con usted lo antes posible. Cont\u00e1ctanos Optimvent Espa\u00f1a c\/ Sor Josefa Alcorta, 18 Elche \u2013 Alicante info@optimvent.com +34 617 879 897 Optimvent Ruman\u00eda Str. Vasile Lucaciu 337\/C\/3 Arad \u2013 Ruman\u00eda office@optimvent.ro +4 0773 637 662<\/p>\n","protected":false},"author":5,"featured_media":0,"parent":0,"menu_order":0,"comment_status":"closed","ping_status":"closed","template":"page-no-title","meta":{"_seopress_robots_primary_cat":"","_seopress_titles_title":"","_seopress_titles_desc":"","_seopress_robots_index":"","footnotes":""},"class_list":["post-5540","page","type-page","status-publish","hentry"],"_links":{"self":[{"href":"https:\/\/optimvent.com\/es\/wp-json\/wp\/v2\/pages\/5540","targetHints":{"allow":["GET"]}}],"collection":[{"href":"https:\/\/optimvent.com\/es\/wp-json\/wp\/v2\/pages"}],"about":[{"href":"https:\/\/optimvent.com\/es\/wp-json\/wp\/v2\/types\/page"}],"author":[{"embeddable":true,"href":"https:\/\/optimvent.com\/es\/wp-json\/wp\/v2\/users\/5"}],"replies":[{"embeddable":true,"href":"https:\/\/optimvent.com\/es\/wp-json\/wp\/v2\/comments?post=5540"}],"version-history":[{"count":61,"href":"https:\/\/optimvent.com\/es\/wp-json\/wp\/v2\/pages\/5540\/revisions"}],"predecessor-version":[{"id":5816,"href":"https:\/\/optimvent.com\/es\/wp-json\/wp\/v2\/pages\/5540\/revisions\/5816"}],"wp:attachment":[{"href":"https:\/\/optimvent.com\/es\/wp-json\/wp\/v2\/media?parent=5540"}],"curies":[{"name":"wp","href":"https:\/\/api.w.org\/{rel}","templated":true}]}}