{"id":5784,"date":"2025-04-10T05:25:52","date_gmt":"2025-04-10T04:25:52","guid":{"rendered":"https:\/\/optimvent.com\/?page_id=5784"},"modified":"2025-05-12T13:24:28","modified_gmt":"2025-05-12T12:24:28","slug":"sectores","status":"publish","type":"page","link":"https:\/\/optimvent.com\/es\/sectores\/","title":{"rendered":"Sectores"},"content":{"rendered":"\n<section class=\"wp-block-group alignwide homepage-section-container edge-to-edge is-horizontal is-content-justification-center is-nowrap is-layout-flex wp-container-core-group-is-layout-7 wp-block-group-is-layout-flex\">\n<div class=\"wp-block-group edge-to-edge is-layout-flow wp-block-group-is-layout-flow\" style=\"margin-top:var(--wp--preset--spacing--medium);margin-bottom:var(--wp--preset--spacing--medium);padding-top:0;padding-right:var(--wp--preset--spacing--medium);padding-bottom:0;padding-left:var(--wp--preset--spacing--medium)\">\n<div id=\"homepage-products-section-text\" class=\"wp-block-group homepage-section-text-and-image-text has-global-padding is-content-justification-center is-layout-constrained wp-block-group-is-layout-constrained\" style=\"padding-top:0;padding-bottom:0\">\n<h2 class=\"wp-block-heading has-text-align-center has-large-font-size\"><strong>OptimVent: Innovaci\u00f3n en Ventilaci\u00f3n HVLS<\/strong><\/h2>\n\n\n\n<p class=\"has-text-align-left has-base-font-size\" style=\"padding-top:0;padding-bottom:0\"><span class=\"wp-rich-text-font-awesome-icon wp-font-awesome-icon\"><svg aria-hidden=\"true\" focusable=\"false\" data-prefix=\"fas\" data-icon=\"check\" class=\"svg-inline--fa fa-check \" role=\"img\" xmlns=\"http:\/\/www.w3.org\/2000\/svg\" viewBox=\"0 0 448 512\"><path fill=\"currentColor\" d=\"M438.6 105.4c12.5 12.5 12.5 32.8 0 45.3l-256 256c-12.5 12.5-32.8 12.5-45.3 0l-128-128c-12.5-12.5-12.5-32.8 0-45.3s32.8-12.5 45.3 0L160 338.7 393.4 105.4c12.5-12.5 32.8-12.5 45.3 0z\"><\/path><\/svg><\/span> M\u00e1s aire, menos consumo, m\u00e1ximo confort.<br><span class=\"wp-rich-text-font-awesome-icon wp-font-awesome-icon\"><svg aria-hidden=\"true\" focusable=\"false\" data-prefix=\"fas\" data-icon=\"check\" class=\"svg-inline--fa fa-check \" role=\"img\" xmlns=\"http:\/\/www.w3.org\/2000\/svg\" viewBox=\"0 0 448 512\"><path fill=\"currentColor\" d=\"M438.6 105.4c12.5 12.5 12.5 32.8 0 45.3l-256 256c-12.5 12.5-32.8 12.5-45.3 0l-128-128c-12.5-12.5-12.5-32.8 0-45.3s32.8-12.5 45.3 0L160 338.7 393.4 105.4c12.5-12.5 32.8-12.5 45.3 0z\"><\/path><\/svg><\/span> La revoluci\u00f3n en ventilaci\u00f3n para grandes espacios empieza aqu\u00ed.<br><span class=\"wp-rich-text-font-awesome-icon wp-font-awesome-icon\"><svg aria-hidden=\"true\" focusable=\"false\" data-prefix=\"fas\" data-icon=\"check\" class=\"svg-inline--fa fa-check \" role=\"img\" xmlns=\"http:\/\/www.w3.org\/2000\/svg\" viewBox=\"0 0 448 512\"><path fill=\"currentColor\" d=\"M438.6 105.4c12.5 12.5 12.5 32.8 0 45.3l-256 256c-12.5 12.5-32.8 12.5-45.3 0l-128-128c-12.5-12.5-12.5-32.8 0-45.3s32.8-12.5 45.3 0L160 338.7 393.4 105.4c12.5-12.5 32.8-12.5 45.3 0z\"><\/path><\/svg><\/span> Eficiencia y sostenibilidad en cada giro.<\/p>\n\n\n\n<p class=\"has-text-align-left has-base-font-size\"><strong>Optimiza el ambiente de tu empresa con la mejor tecnolog\u00eda en ventilaci\u00f3n. Cont\u00e1ctanos y recibe asesoramiento personalizado.<\/strong><\/p>\n\n\n\n<div class=\"wp-block-buttons is-content-justification-center is-layout-flex wp-container-core-buttons-is-layout-1 wp-block-buttons-is-layout-flex\">\n<div class=\"wp-block-button is-style-outline custom-button is-style-outline--1\"><a class=\"wp-block-button__link wp-element-button\" href=\"https:\/\/optimvent.com\/es\/contactanos\/\"><strong><strong>Cont\u00e1ctanos y recibe asesoramiento personalizado<\/strong><\/strong><\/a><\/div>\n<\/div>\n<\/div>\n\n\n\n<div class=\"wp-block-group is-style-default homepage-section-grid has-global-padding is-layout-constrained wp-block-group-is-layout-constrained\" style=\"padding-top:var(--wp--preset--spacing--medium);padding-bottom:var(--wp--preset--spacing--medium)\">\n<div class=\"wp-block-group sectores-container edge-to-edge is-layout-flex wp-block-group-is-layout-flex\">\n<div class=\"wp-block-group sectores-inner-div is-vertical is-nowrap is-layout-flex wp-container-core-group-is-layout-2 wp-block-group-is-layout-flex\">\n<div style=\"aspect-ratio:1;min-height:unset;\" class=\"wp-block-cover is-style-rounded-cover has-aspect-ratio\"><span aria-hidden=\"true\" class=\"wp-block-cover__background has-background-dim-70 has-background-dim\"><\/span><img loading=\"lazy\" decoding=\"async\" width=\"800\" height=\"534\" class=\"wp-block-cover__image-background wp-image-4557\" alt=\"Ventiladores Industriales HVLS de Optimvent - Almacenes y centros log\u00edsticos\" src=\"https:\/\/optimvent.com\/wp-content\/uploads\/2020\/04\/HVLS-Optimvent-Logistico1280x854.jpg\" style=\"object-position:74% 50%\" data-object-fit=\"cover\" data-object-position=\"74% 50%\" srcset=\"https:\/\/optimvent.com\/wp-content\/uploads\/2020\/04\/HVLS-Optimvent-Logistico1280x854.jpg 800w, https:\/\/optimvent.com\/wp-content\/uploads\/2020\/04\/HVLS-Optimvent-Logistico1280x854-640x427.jpg 640w, https:\/\/optimvent.com\/wp-content\/uploads\/2020\/04\/HVLS-Optimvent-Logistico1280x854-768x513.jpg 768w, https:\/\/optimvent.com\/wp-content\/uploads\/2020\/04\/HVLS-Optimvent-Logistico1280x854-320x214.jpg 320w\" sizes=\"auto, (max-width: 800px) 100vw, 800px\" \/><div class=\"wp-block-cover__inner-container has-global-padding is-layout-constrained wp-block-cover-is-layout-constrained\">\n<h3 class=\"wp-block-heading has-text-align-center\"><strong>Almacenes y centros log\u00edsticos<\/strong><\/h3>\n\n\n\n<p class=\"has-text-align-left\">Optimiza la circulaci\u00f3n de aire en almacenes y centros log\u00edsticos con ventiladores HVLS. Controla la temperatura, mejora el confort y protege mercanc\u00edas con una ventilaci\u00f3n eficiente y de bajo consumo energ\u00e9tico.<\/p>\n\n\n\n<div class=\"wp-block-buttons is-content-justification-center is-layout-flex wp-container-core-buttons-is-layout-2 wp-block-buttons-is-layout-flex\">\n<div class=\"wp-block-button has-custom-width wp-block-button__width-25 custom-button button-no-border is-style-outline is-style-outline--2\"><a class=\"wp-block-button__link wp-element-button\" href=\"https:\/\/optimvent.com\/es\/sectores\/ventiladores-hvls-almacenes\/\"><strong>Saber m\u00e1s<\/strong><\/a><\/div>\n<\/div>\n<\/div><\/div>\n\n\n\n<div style=\"aspect-ratio:1;min-height:unset;\" class=\"wp-block-cover is-style-rounded-cover has-aspect-ratio\"><span aria-hidden=\"true\" class=\"wp-block-cover__background has-background-dim-70 has-background-dim\"><\/span><img loading=\"lazy\" decoding=\"async\" width=\"800\" height=\"534\" class=\"wp-block-cover__image-background wp-image-4561\" alt=\"Ventilatores industriales OptimVent - industria y manufactura\" src=\"https:\/\/optimvent.com\/wp-content\/uploads\/2020\/04\/HVLS-Optimvent-Industria1280x854.jpg\" data-object-fit=\"cover\" srcset=\"https:\/\/optimvent.com\/wp-content\/uploads\/2020\/04\/HVLS-Optimvent-Industria1280x854.jpg 800w, https:\/\/optimvent.com\/wp-content\/uploads\/2020\/04\/HVLS-Optimvent-Industria1280x854-640x427.jpg 640w, https:\/\/optimvent.com\/wp-content\/uploads\/2020\/04\/HVLS-Optimvent-Industria1280x854-768x513.jpg 768w, https:\/\/optimvent.com\/wp-content\/uploads\/2020\/04\/HVLS-Optimvent-Industria1280x854-320x214.jpg 320w\" sizes=\"auto, (max-width: 800px) 100vw, 800px\" \/><div class=\"wp-block-cover__inner-container is-layout-flow wp-block-cover-is-layout-flow\">\n<h3 class=\"wp-block-heading has-text-align-center\"><strong><strong>Industria y manufactura<\/strong><\/strong><\/h3>\n\n\n\n<p class=\"has-text-align-left\">Mejora la ventilaci\u00f3n en f\u00e1bricas con ventiladores HVLS de OptimVent. Reduce calor, optimiza la productividad y ahorra energ\u00eda en l\u00edneas de producci\u00f3n. Soluciones eficientes para grandes espacios industriales<\/p>\n\n\n\n<div class=\"wp-block-buttons is-content-justification-center is-layout-flex wp-container-core-buttons-is-layout-3 wp-block-buttons-is-layout-flex\">\n<div class=\"wp-block-button has-custom-width wp-block-button__width-25 custom-button button-no-border is-style-outline is-style-outline--3\"><a class=\"wp-block-button__link wp-element-button\" href=\"https:\/\/optimvent.com\/es\/sectores\/ventiladores-hvls-industria\/\"><strong>Saber m\u00e1s<\/strong><\/a><\/div>\n<\/div>\n<\/div><\/div>\n\n\n\n<div style=\"aspect-ratio:1;min-height:unset;\" class=\"wp-block-cover is-style-rounded-cover has-aspect-ratio\"><span aria-hidden=\"true\" class=\"wp-block-cover__background has-background-dim-70 has-background-dim\"><\/span><div class=\"wp-block-cover__inner-container is-layout-flow wp-block-cover-is-layout-flow\">\n<h3 class=\"wp-block-heading has-text-align-center\"><strong>Hangares y aeropuertos<\/strong><\/h3>\n\n\n\n<p class=\"has-text-align-center\">Optimiza la ventilaci\u00f3n en hangares y aeropuertos con ventiladores HVLS de gran alcance. Reduce la acumulaci\u00f3n de calor, mejora la seguridad operativa y aumenta la eficiencia energ\u00e9tica en espacios amplios.<\/p>\n\n\n\n<div class=\"wp-block-buttons is-content-justification-center is-layout-flex wp-container-core-buttons-is-layout-4 wp-block-buttons-is-layout-flex\">\n<div class=\"wp-block-button has-custom-width wp-block-button__width-25 custom-button button-no-border is-style-outline is-style-outline--4\"><a class=\"wp-block-button__link wp-element-button\" href=\"https:\/\/optimvent.com\/es\/sectores\/ventiladores-hvls-hangares-aeropuertos\/\"><strong>Saber m\u00e1s<\/strong><\/a><\/div>\n<\/div>\n<\/div><\/div>\n\n\n\n<div style=\"aspect-ratio:1;min-height:unset;\" class=\"wp-block-cover is-style-rounded-cover has-aspect-ratio\"><span aria-hidden=\"true\" class=\"wp-block-cover__background has-background-dim-70 has-background-dim\"><\/span><img loading=\"lazy\" decoding=\"async\" width=\"448\" height=\"672\" class=\"wp-block-cover__image-background wp-image-4408\" alt=\"Ventilatores industriales OptimVent - centros comerciales y retail\" src=\"https:\/\/optimvent.com\/wp-content\/uploads\/2020\/06\/VENTILADORES-HVLS-PARA-CENTROS-COMERCIALES.jpg\" style=\"object-position:66% 34%\" data-object-fit=\"cover\" data-object-position=\"66% 34%\" srcset=\"https:\/\/optimvent.com\/wp-content\/uploads\/2020\/06\/VENTILADORES-HVLS-PARA-CENTROS-COMERCIALES.jpg 448w, https:\/\/optimvent.com\/wp-content\/uploads\/2020\/06\/VENTILADORES-HVLS-PARA-CENTROS-COMERCIALES-320x480.jpg 320w\" sizes=\"auto, (max-width: 448px) 100vw, 448px\" \/><div class=\"wp-block-cover__inner-container is-layout-flow wp-block-cover-is-layout-flow\">\n<h3 class=\"wp-block-heading has-text-align-center\"><strong>Centros comerciales y retail<\/strong><\/h3>\n\n\n\n<p>Crea un ambiente confortable para clientes y empleados en centros comerciales con ventiladores HVLS. Mejora la experiencia de compra, reduce el calor y optimiza la eficiencia energ\u00e9tica en grandes superficies.<\/p>\n\n\n\n<div class=\"wp-block-buttons is-content-justification-center is-layout-flex wp-container-core-buttons-is-layout-5 wp-block-buttons-is-layout-flex\">\n<div class=\"wp-block-button has-custom-width wp-block-button__width-25 custom-button button-no-border is-style-outline is-style-outline--5\"><a class=\"wp-block-button__link wp-element-button\" href=\"https:\/\/optimvent.com\/es\/sectores\/ventiladores-hvls-comercios\/\"><strong>Saber m\u00e1s<\/strong><\/a><\/div>\n<\/div>\n<\/div><\/div>\n\n\n\n<div style=\"aspect-ratio:1;min-height:unset;\" class=\"wp-block-cover is-style-rounded-cover has-aspect-ratio\"><span aria-hidden=\"true\" class=\"wp-block-cover__background has-background-dim-70 has-background-dim\"><\/span><img loading=\"lazy\" decoding=\"async\" width=\"1600\" height=\"1200\" class=\"wp-block-cover__image-background wp-image-4445\" alt=\"Ventilatores industriales OptimVent - ganaderia y agricultura\" src=\"https:\/\/optimvent.com\/wp-content\/uploads\/2020\/06\/WhatsApp-Image-2019-05-13-at-16.55.59.jpeg\" style=\"object-position:49% 49%\" data-object-fit=\"cover\" data-object-position=\"49% 49%\" srcset=\"https:\/\/optimvent.com\/wp-content\/uploads\/2020\/06\/WhatsApp-Image-2019-05-13-at-16.55.59.jpeg 1600w, https:\/\/optimvent.com\/wp-content\/uploads\/2020\/06\/WhatsApp-Image-2019-05-13-at-16.55.59-640x480.jpeg 640w, https:\/\/optimvent.com\/wp-content\/uploads\/2020\/06\/WhatsApp-Image-2019-05-13-at-16.55.59-1280x960.jpeg 1280w, https:\/\/optimvent.com\/wp-content\/uploads\/2020\/06\/WhatsApp-Image-2019-05-13-at-16.55.59-768x576.jpeg 768w, https:\/\/optimvent.com\/wp-content\/uploads\/2020\/06\/WhatsApp-Image-2019-05-13-at-16.55.59-1536x1152.jpeg 1536w, https:\/\/optimvent.com\/wp-content\/uploads\/2020\/06\/WhatsApp-Image-2019-05-13-at-16.55.59-320x240.jpeg 320w\" sizes=\"auto, (max-width: 1600px) 100vw, 1600px\" \/><div class=\"wp-block-cover__inner-container is-layout-flow wp-block-cover-is-layout-flow\">\n<h3 class=\"wp-block-heading has-text-align-center\"><strong>Ganader\u00eda y agricultura<\/strong><\/h3>\n\n\n\n<p>Mant\u00e9n condiciones \u00f3ptimas en granjas e invernaderos con ventiladores HVLS. Regula la temperatura, reduce el estr\u00e9s t\u00e9rmico en animales y mejora la calidad del aire en espacios agr\u00edcolas y ganaderos.<\/p>\n\n\n\n<div class=\"wp-block-buttons is-content-justification-center is-layout-flex wp-container-core-buttons-is-layout-6 wp-block-buttons-is-layout-flex\">\n<div class=\"wp-block-button has-custom-width wp-block-button__width-25 custom-button button-no-border is-style-outline is-style-outline--6\"><a class=\"wp-block-button__link wp-element-button\" href=\"https:\/\/optimvent.com\/es\/sectores\/ventiladores-hvls-agricultura\/\"><strong>Saber m\u00e1s<\/strong><\/a><\/div>\n<\/div>\n<\/div><\/div>\n<\/div>\n\n\n\n<div class=\"wp-block-group sectores-inner-div is-vertical is-nowrap is-layout-flex wp-container-core-group-is-layout-3 wp-block-group-is-layout-flex\">\n<div style=\"aspect-ratio:1;min-height:unset;\" class=\"wp-block-cover is-style-rounded-cover has-aspect-ratio\"><span aria-hidden=\"true\" class=\"wp-block-cover__background has-background-dim-70 has-background-dim\"><\/span><img loading=\"lazy\" decoding=\"async\" width=\"1152\" height=\"2560\" class=\"wp-block-cover__image-background wp-image-5750\" alt=\"Ventilatores industriales OptimVent - espacios educativos\" src=\"https:\/\/optimvent.com\/wp-content\/uploads\/2025\/04\/IMG_20240925_175828-scaled.jpg\" style=\"object-position:52% 6%\" data-object-fit=\"cover\" data-object-position=\"52% 6%\" srcset=\"https:\/\/optimvent.com\/wp-content\/uploads\/2025\/04\/IMG_20240925_175828-scaled.jpg 1152w, https:\/\/optimvent.com\/wp-content\/uploads\/2025\/04\/IMG_20240925_175828-640x1422.jpg 640w, https:\/\/optimvent.com\/wp-content\/uploads\/2025\/04\/IMG_20240925_175828-1280x2844.jpg 1280w, https:\/\/optimvent.com\/wp-content\/uploads\/2025\/04\/IMG_20240925_175828-768x1707.jpg 768w, https:\/\/optimvent.com\/wp-content\/uploads\/2025\/04\/IMG_20240925_175828-691x1536.jpg 691w, https:\/\/optimvent.com\/wp-content\/uploads\/2025\/04\/IMG_20240925_175828-922x2048.jpg 922w\" sizes=\"auto, (max-width: 1152px) 100vw, 1152px\" \/><div class=\"wp-block-cover__inner-container is-layout-flow wp-block-cover-is-layout-flow\">\n<h3 class=\"wp-block-heading has-text-align-center\"><strong><strong>Espacios educativos<\/strong><\/strong><\/h3>\n\n\n\n<p>Aulas, auditorios y gimnasios mejor ventilados con ventiladores HVLS. Proporciona un ambiente saludable y confortable para estudiantes y profesores, reduciendo el calor y optimizando el consumo de energ\u00eda.<\/p>\n\n\n\n<div class=\"wp-block-buttons is-content-justification-center is-layout-flex wp-container-core-buttons-is-layout-7 wp-block-buttons-is-layout-flex\">\n<div class=\"wp-block-button has-custom-width wp-block-button__width-25 custom-button button-no-border is-style-outline is-style-outline--7\"><a class=\"wp-block-button__link wp-element-button\" href=\"https:\/\/optimvent.com\/es\/sectores\/ventiladores-hvls-espacios-educativos\/\"><strong>Saber m\u00e1s<\/strong><\/a><\/div>\n<\/div>\n<\/div><\/div>\n\n\n\n<div style=\"aspect-ratio:1;min-height:unset;\" class=\"wp-block-cover is-style-rounded-cover has-aspect-ratio\"><span aria-hidden=\"true\" class=\"wp-block-cover__background has-background-dim-70 has-background-dim\"><\/span><div class=\"wp-block-cover__inner-container is-layout-flow wp-block-cover-is-layout-flow\">\n<h3 class=\"wp-block-heading has-text-align-center\"><strong><strong><strong>Hospitales y centros de salud<\/strong><\/strong><\/strong><\/h3>\n\n\n\n<p class=\"has-text-align-center\">Mejora la calidad del aire en hospitales y cl\u00ednicas con ventiladores HVLS. Reduce la humedad, controla la temperatura y crea entornos m\u00e1s frescos y saludables en espacios sanitarios.<\/p>\n\n\n\n<div class=\"wp-block-buttons is-content-justification-center is-layout-flex wp-container-core-buttons-is-layout-8 wp-block-buttons-is-layout-flex\">\n<div class=\"wp-block-button has-custom-width wp-block-button__width-25 custom-button button-no-border is-style-outline is-style-outline--8\"><a class=\"wp-block-button__link wp-element-button\" href=\"https:\/\/optimvent.com\/es\/sectores\/ventiladores-hvls-hospitales-centros-salud\/\"><strong>Saber m\u00e1s<\/strong><\/a><\/div>\n<\/div>\n<\/div><\/div>\n\n\n\n<div style=\"aspect-ratio:1;min-height:unset;\" class=\"wp-block-cover is-style-rounded-cover has-aspect-ratio\"><span aria-hidden=\"true\" class=\"wp-block-cover__background has-background-dim-70 has-background-dim\"><\/span><img loading=\"lazy\" decoding=\"async\" width=\"1600\" height=\"1200\" class=\"wp-block-cover__image-background wp-image-5760\" alt=\"Ventilatores industriales OptimVent - gimnasios y centros deportivos\" src=\"https:\/\/optimvent.com\/wp-content\/uploads\/2025\/04\/IMG-20220817-WA0005.jpg\" data-object-fit=\"cover\" srcset=\"https:\/\/optimvent.com\/wp-content\/uploads\/2025\/04\/IMG-20220817-WA0005.jpg 1600w, https:\/\/optimvent.com\/wp-content\/uploads\/2025\/04\/IMG-20220817-WA0005-640x480.jpg 640w, https:\/\/optimvent.com\/wp-content\/uploads\/2025\/04\/IMG-20220817-WA0005-1280x960.jpg 1280w, https:\/\/optimvent.com\/wp-content\/uploads\/2025\/04\/IMG-20220817-WA0005-768x576.jpg 768w, https:\/\/optimvent.com\/wp-content\/uploads\/2025\/04\/IMG-20220817-WA0005-1536x1152.jpg 1536w\" sizes=\"auto, (max-width: 1600px) 100vw, 1600px\" \/><div class=\"wp-block-cover__inner-container is-layout-flow wp-block-cover-is-layout-flow\">\n<h3 class=\"wp-block-heading has-text-align-center\"><strong>Gimnasios y centros deportivos<\/strong><\/h3>\n\n\n\n<p>Garantiza un entrenamiento m\u00e1s c\u00f3modo con ventiladores HVLS en gimnasios y centros deportivos. Disminuye la humedad, mejora la ventilaci\u00f3n y ofrece un ambiente fresco para deportistas y entrenadores.<\/p>\n\n\n\n<div class=\"wp-block-buttons is-content-justification-center is-layout-flex wp-container-core-buttons-is-layout-9 wp-block-buttons-is-layout-flex\">\n<div class=\"wp-block-button has-custom-width wp-block-button__width-25 custom-button button-no-border is-style-outline is-style-outline--9\"><a class=\"wp-block-button__link wp-element-button\" href=\"https:\/\/optimvent.com\/es\/sectores\/ventiladores-hvls-gimnasios\/\"><strong>Saber m\u00e1s<\/strong><\/a><\/div>\n<\/div>\n<\/div><\/div>\n\n\n\n<div style=\"aspect-ratio:1;min-height:unset;\" class=\"wp-block-cover is-style-rounded-cover has-aspect-ratio\"><span aria-hidden=\"true\" class=\"wp-block-cover__background has-background-dim-70 has-background-dim\"><\/span><img loading=\"lazy\" decoding=\"async\" width=\"1440\" height=\"2560\" class=\"wp-block-cover__image-background wp-image-5755\" alt=\"Ventilatores industriales OptimVent - hoteles y restaurantes\" src=\"https:\/\/optimvent.com\/wp-content\/uploads\/2025\/04\/IMG_20191204_134758-scaled.jpg\" style=\"object-position:52% 19%\" data-object-fit=\"cover\" data-object-position=\"52% 19%\" srcset=\"https:\/\/optimvent.com\/wp-content\/uploads\/2025\/04\/IMG_20191204_134758-scaled.jpg 1440w, https:\/\/optimvent.com\/wp-content\/uploads\/2025\/04\/IMG_20191204_134758-640x1138.jpg 640w, https:\/\/optimvent.com\/wp-content\/uploads\/2025\/04\/IMG_20191204_134758-1280x2276.jpg 1280w, https:\/\/optimvent.com\/wp-content\/uploads\/2025\/04\/IMG_20191204_134758-768x1365.jpg 768w, https:\/\/optimvent.com\/wp-content\/uploads\/2025\/04\/IMG_20191204_134758-864x1536.jpg 864w, https:\/\/optimvent.com\/wp-content\/uploads\/2025\/04\/IMG_20191204_134758-1152x2048.jpg 1152w\" sizes=\"auto, (max-width: 1440px) 100vw, 1440px\" \/><div class=\"wp-block-cover__inner-container is-layout-flow wp-block-cover-is-layout-flow\">\n<h3 class=\"wp-block-heading has-text-align-center\"><strong><strong>Hoteles y restaurantes<\/strong><\/strong><\/h3>\n\n\n\n<p>Ofrece una experiencia premium en hoteles y restaurantes con ventiladores HVLS. Mant\u00e9n un ambiente fresco en \u00e1reas de recepci\u00f3n, comedores y terrazas, mejorando el confort de hu\u00e9spedes y clientes.<\/p>\n\n\n\n<div class=\"wp-block-buttons is-content-justification-center is-layout-flex wp-container-core-buttons-is-layout-10 wp-block-buttons-is-layout-flex\">\n<div class=\"wp-block-button has-custom-width wp-block-button__width-25 custom-button button-no-border is-style-outline is-style-outline--10\"><a class=\"wp-block-button__link wp-element-button\" href=\"https:\/\/optimvent.com\/es\/sectores\/ventiladores-hvls-hoteles-restaurantes\/\"><strong>Saber m\u00e1s<\/strong><\/a><\/div>\n<\/div>\n<\/div><\/div>\n\n\n\n<div style=\"aspect-ratio:1;min-height:unset;\" class=\"wp-block-cover is-style-rounded-cover has-aspect-ratio\"><span aria-hidden=\"true\" class=\"wp-block-cover__background has-background-dim-70 has-background-dim\"><\/span><img loading=\"lazy\" decoding=\"async\" width=\"1024\" height=\"1024\" class=\"wp-block-cover__image-background wp-image-5746\" alt=\"Ventilatores industriales OptimVent - eventos y recintos feriales\" src=\"https:\/\/optimvent.com\/wp-content\/uploads\/2025\/04\/IMG-20220310-WA0006.jpg\" style=\"object-position:48% 37%\" data-object-fit=\"cover\" data-object-position=\"48% 37%\" srcset=\"https:\/\/optimvent.com\/wp-content\/uploads\/2025\/04\/IMG-20220310-WA0006.jpg 1024w, https:\/\/optimvent.com\/wp-content\/uploads\/2025\/04\/IMG-20220310-WA0006-640x640.jpg 640w, https:\/\/optimvent.com\/wp-content\/uploads\/2025\/04\/IMG-20220310-WA0006-160x160.jpg 160w, https:\/\/optimvent.com\/wp-content\/uploads\/2025\/04\/IMG-20220310-WA0006-768x768.jpg 768w\" sizes=\"auto, (max-width: 1024px) 100vw, 1024px\" \/><div class=\"wp-block-cover__inner-container is-layout-flow wp-block-cover-is-layout-flow\">\n<h3 class=\"wp-block-heading has-text-align-center\"><strong><strong>Eventos y recintos feriales<\/strong><\/strong><\/h3>\n\n\n\n<p>Optimiza la climatizaci\u00f3n en ferias y eventos con ventiladores HVLS. Reduce el calor en grandes espacios cerrados y al aire libre, garantizando un ambiente confortable para asistentes y expositores.<\/p>\n\n\n\n<div class=\"wp-block-buttons is-content-justification-center is-layout-flex wp-container-core-buttons-is-layout-11 wp-block-buttons-is-layout-flex\">\n<div class=\"wp-block-button has-custom-width wp-block-button__width-25 custom-button button-no-border is-style-outline is-style-outline--11\"><a class=\"wp-block-button__link wp-element-button\" href=\"https:\/\/optimvent.com\/es\/sectores\/ventiladores-hvls-eventos-recintos-feriales\/\"><strong>Saber m\u00e1s<\/strong><\/a><\/div>\n<\/div>\n<\/div><\/div>\n<\/div>\n<\/div>\n<\/div>\n<\/div>\n<\/section>\n","protected":false},"excerpt":{"rendered":"<p>OptimVent: Innovaci\u00f3n en Ventilaci\u00f3n HVLS M\u00e1s aire, menos consumo, m\u00e1ximo confort. La revoluci\u00f3n en ventilaci\u00f3n para grandes espacios empieza aqu\u00ed. Eficiencia y sostenibilidad en cada giro. Optimiza el ambiente de tu empresa con la mejor tecnolog\u00eda en ventilaci\u00f3n. Cont\u00e1ctanos y recibe asesoramiento personalizado.<\/p>\n","protected":false},"author":5,"featured_media":0,"parent":0,"menu_order":0,"comment_status":"closed","ping_status":"closed","template":"page-no-title","meta":{"_seopress_robots_primary_cat":"","_seopress_titles_title":"","_seopress_titles_desc":"","_seopress_robots_index":"","footnotes":""},"class_list":["post-5784","page","type-page","status-publish","hentry"],"_links":{"self":[{"href":"https:\/\/optimvent.com\/es\/wp-json\/wp\/v2\/pages\/5784","targetHints":{"allow":["GET"]}}],"collection":[{"href":"https:\/\/optimvent.com\/es\/wp-json\/wp\/v2\/pages"}],"about":[{"href":"https:\/\/optimvent.com\/es\/wp-json\/wp\/v2\/types\/page"}],"author":[{"embeddable":true,"href":"https:\/\/optimvent.com\/es\/wp-json\/wp\/v2\/users\/5"}],"replies":[{"embeddable":true,"href":"https:\/\/optimvent.com\/es\/wp-json\/wp\/v2\/comments?post=5784"}],"version-history":[{"count":17,"href":"https:\/\/optimvent.com\/es\/wp-json\/wp\/v2\/pages\/5784\/revisions"}],"predecessor-version":[{"id":6276,"href":"https:\/\/optimvent.com\/es\/wp-json\/wp\/v2\/pages\/5784\/revisions\/6276"}],"wp:attachment":[{"href":"https:\/\/optimvent.com\/es\/wp-json\/wp\/v2\/media?parent=5784"}],"curies":[{"name":"wp","href":"https:\/\/api.w.org\/{rel}","templated":true}]}}