{"id":5874,"date":"2025-04-10T09:46:35","date_gmt":"2025-04-10T08:46:35","guid":{"rendered":"https:\/\/optimvent.com\/?page_id=5874"},"modified":"2025-05-04T00:33:10","modified_gmt":"2025-05-03T23:33:10","slug":"ventiladores-hvls-agricultura","status":"publish","type":"page","link":"https:\/\/optimvent.com\/es\/sectores\/ventiladores-hvls-agricultura\/","title":{"rendered":"Ganader\u00eda y agricultura"},"content":{"rendered":"\n<figure class=\"wp-block-image size-large edge-to-edge page-cover\"><img loading=\"lazy\" decoding=\"async\" width=\"1280\" height=\"854\" src=\"https:\/\/optimvent.com\/wp-content\/uploads\/2025\/04\/ventilador-granjas-y-ganaderia1-1280x854.jpg\" alt=\"Ventilatores industriales OptimVent - ganader\u00eda y agricultura\" class=\"wp-image-6106\" srcset=\"https:\/\/optimvent.com\/wp-content\/uploads\/2025\/04\/ventilador-granjas-y-ganaderia1-1280x854.jpg 1280w, https:\/\/optimvent.com\/wp-content\/uploads\/2025\/04\/ventilador-granjas-y-ganaderia1-640x427.jpg 640w, https:\/\/optimvent.com\/wp-content\/uploads\/2025\/04\/ventilador-granjas-y-ganaderia1-768x512.jpg 768w, https:\/\/optimvent.com\/wp-content\/uploads\/2025\/04\/ventilador-granjas-y-ganaderia1-1536x1025.jpg 1536w, https:\/\/optimvent.com\/wp-content\/uploads\/2025\/04\/ventilador-granjas-y-ganaderia1-2048x1366.jpg 2048w\" sizes=\"auto, (max-width: 1280px) 100vw, 1280px\" \/><\/figure>\n\n\n\n<div class=\"wp-block-group bottom-border is-nowrap is-layout-flex wp-container-core-group-is-layout-1 wp-block-group-is-layout-flex\"><\/div>\n\n\n\n<div class=\"wp-block-group is-vertical is-layout-flex wp-container-core-group-is-layout-2 wp-block-group-is-layout-flex\">\n<h2 class=\"wp-block-heading\"><strong>Ventiladores HVLS para la Agricultura: Mejora el Clima en Granjas y Establos<\/strong><\/h2>\n\n\n\n<p>Los ventiladores <strong>HVLS<\/strong> son una excelente soluci\u00f3n para controlar la temperatura y mejorar la ventilaci\u00f3n en <strong>granjas<\/strong>, <strong>invernaderos<\/strong> y <strong>establos<\/strong>, promoviendo un entorno saludable para los animales y las plantas.<\/p>\n\n\n\n<h3 class=\"wp-block-heading has-text-color has-link-color wp-elements-43a8e751d6a949b08759fb2695d22e0c\" style=\"color:#4682b4\"><strong><strong>Ventajas de los Ventiladores HVLS en Agricultura<\/strong><\/strong><\/h3>\n\n\n\n<ul class=\"wp-block-list\">\n<li><strong>Regulaci\u00f3n de la temperatura<\/strong> en espacios de cultivo y ganader\u00eda.<\/li>\n\n\n\n<li><strong>Prevenci\u00f3n de enfermedades respiratorias<\/strong> en animales debido a la mejor circulaci\u00f3n del aire.<\/li>\n\n\n\n<li><strong>Reducci\u00f3n de humedad<\/strong> que favorece el crecimiento de cultivos.<\/li>\n<\/ul>\n\n\n\n<h4 class=\"wp-block-heading has-text-color has-link-color wp-elements-4a6e85c5d499eaafb408fb5fd99a827a\" style=\"color:#4682b4\"><strong><strong>\u00bfC\u00f3mo Mejoran los Ventiladores HVLS las Condiciones en el Campo?<\/strong><\/strong><\/h4>\n\n\n\n<figure class=\"wp-block-image size-large is-style-rounded\" style=\"margin-top:var(--wp--preset--spacing--small);margin-bottom:var(--wp--preset--spacing--small)\"><img loading=\"lazy\" decoding=\"async\" width=\"1280\" height=\"854\" src=\"https:\/\/optimvent.com\/wp-content\/uploads\/2025\/04\/senza-titolo-09750-1-1280x854.jpg\" alt=\"Ventilatores industriales OptimVent - ganader\u00eda y agricultura\" class=\"wp-image-6059\" srcset=\"https:\/\/optimvent.com\/wp-content\/uploads\/2025\/04\/senza-titolo-09750-1-1280x854.jpg 1280w, https:\/\/optimvent.com\/wp-content\/uploads\/2025\/04\/senza-titolo-09750-1-640x427.jpg 640w, https:\/\/optimvent.com\/wp-content\/uploads\/2025\/04\/senza-titolo-09750-1-768x512.jpg 768w, https:\/\/optimvent.com\/wp-content\/uploads\/2025\/04\/senza-titolo-09750-1-1536x1024.jpg 1536w, https:\/\/optimvent.com\/wp-content\/uploads\/2025\/04\/senza-titolo-09750-1-2048x1366.jpg 2048w\" sizes=\"auto, (max-width: 1280px) 100vw, 1280px\" \/><\/figure>\n\n\n\n<p>Los ventiladores <strong>HVLS<\/strong> de <strong>OptimVent<\/strong> mantienen un flujo constante de aire, lo que ayuda a <strong>disminuir el estr\u00e9s t\u00e9rmico<\/strong> en animales y <strong>garantiza un ambiente m\u00e1s controlado<\/strong> para cultivos sensibles.<\/p>\n\n\n\n<p class=\"has-text-color has-link-color wp-elements-5dc30016e1e1c9db0211f32e9963a77b\" style=\"color:#4682b4\"><strong><strong>Cont\u00e1ctanos para recibir una propuesta personalizada para tu granja o invernadero.<\/strong><\/strong><\/p>\n\n\n\n<div class=\"wp-block-buttons edge-to-edge is-content-justification-center is-layout-flex wp-container-core-buttons-is-layout-1 wp-block-buttons-is-layout-flex\">\n<div class=\"wp-block-button has-custom-width wp-block-button__width-75 custom-button is-style-outline is-style-outline--1\"><a class=\"wp-block-button__link wp-element-button\" href=\"https:\/\/optimvent.com\/es\/contactanos\/\"><strong><strong><strong><strong>Solicita tu Soluci\u00f3n de Ventilaci\u00f3n para el Sector Agr\u00edcola<\/strong><\/strong><\/strong><\/strong><\/a><\/div>\n<\/div>\n\n\n\n<p class=\"bottom-border\"><\/p>\n<\/div>\n","protected":false},"excerpt":{"rendered":"<p>Ventiladores HVLS para la Agricultura: Mejora el Clima en Granjas y Establos Los ventiladores HVLS son una excelente soluci\u00f3n para controlar la temperatura y mejorar la ventilaci\u00f3n en granjas, invernaderos y establos, promoviendo un entorno saludable para los animales y las plantas. Ventajas de los Ventiladores HVLS en Agricultura \u00bfC\u00f3mo Mejoran los Ventiladores HVLS las [&hellip;]<\/p>\n","protected":false},"author":5,"featured_media":0,"parent":5784,"menu_order":0,"comment_status":"closed","ping_status":"closed","template":"page-no-title","meta":{"_seopress_robots_primary_cat":"","_seopress_titles_title":"","_seopress_titles_desc":"","_seopress_robots_index":"","footnotes":""},"class_list":["post-5874","page","type-page","status-publish","hentry"],"_links":{"self":[{"href":"https:\/\/optimvent.com\/es\/wp-json\/wp\/v2\/pages\/5874","targetHints":{"allow":["GET"]}}],"collection":[{"href":"https:\/\/optimvent.com\/es\/wp-json\/wp\/v2\/pages"}],"about":[{"href":"https:\/\/optimvent.com\/es\/wp-json\/wp\/v2\/types\/page"}],"author":[{"embeddable":true,"href":"https:\/\/optimvent.com\/es\/wp-json\/wp\/v2\/users\/5"}],"replies":[{"embeddable":true,"href":"https:\/\/optimvent.com\/es\/wp-json\/wp\/v2\/comments?post=5874"}],"version-history":[{"count":16,"href":"https:\/\/optimvent.com\/es\/wp-json\/wp\/v2\/pages\/5874\/revisions"}],"predecessor-version":[{"id":6272,"href":"https:\/\/optimvent.com\/es\/wp-json\/wp\/v2\/pages\/5874\/revisions\/6272"}],"up":[{"embeddable":true,"href":"https:\/\/optimvent.com\/es\/wp-json\/wp\/v2\/pages\/5784"}],"wp:attachment":[{"href":"https:\/\/optimvent.com\/es\/wp-json\/wp\/v2\/media?parent=5874"}],"curies":[{"name":"wp","href":"https:\/\/api.w.org\/{rel}","templated":true}]}}