{"id":5892,"date":"2025-04-10T12:26:47","date_gmt":"2025-04-10T11:26:47","guid":{"rendered":"https:\/\/optimvent.com\/?page_id=5892"},"modified":"2025-04-15T05:47:07","modified_gmt":"2025-04-15T04:47:07","slug":"ventiladores-hvls-espacios-educativos","status":"publish","type":"page","link":"https:\/\/optimvent.com\/es\/sectores\/ventiladores-hvls-espacios-educativos\/","title":{"rendered":"Espacios educativos"},"content":{"rendered":"\n<figure class=\"wp-block-video page-cover edge-to-edge\"><video autoplay loop muted src=\"https:\/\/optimvent.com\/wp-content\/uploads\/2025\/04\/VID_20240925_111331.mp4\" playsinline><\/video><\/figure>\n\n\n\n<div class=\"wp-block-group bottom-border is-nowrap is-layout-flex wp-container-core-group-is-layout-1 wp-block-group-is-layout-flex\"><\/div>\n\n\n\n<div class=\"wp-block-group is-vertical is-layout-flex wp-container-core-group-is-layout-3 wp-block-group-is-layout-flex\" style=\"padding-right:var(--wp--preset--spacing--large);padding-left:var(--wp--preset--spacing--large)\">\n<h2 class=\"wp-block-heading\"><strong><strong>Ambientes Saludables y Confortables con Ventiladores HVLS para Espacios Educativos<\/strong><\/strong><\/h2>\n\n\n\n<p>Para crear entornos de aprendizaje \u00f3ptimos, la ventilaci\u00f3n adecuada es fundamental. Los ventiladores <strong>HVLS<\/strong> de <strong>OptimVent<\/strong> son la soluci\u00f3n ideal para aulas, auditorios y gimnasios, proporcionando una circulaci\u00f3n de aire constante, mejorando la calidad del aire y contribuyendo al confort t\u00e9rmico de estudiantes y profesores.<\/p>\n\n\n\n<h3 class=\"wp-block-heading has-text-color has-link-color wp-elements-8bbc55d62afd71b61466b4b72fdb1949\" style=\"color:#4682b4\"><strong><strong>Ventajas de los Ventiladores de Techo Gigantes en Centros Educativos<\/strong><\/strong><\/h3>\n\n\n\n<p><strong>Nuestros <\/strong>ventiladores de techo gigantes ofrecen:<\/p>\n\n\n\n<ul class=\"wp-block-list\">\n<li>Una <strong>ventilaci\u00f3n eficiente<\/strong> que <strong>reduce la concentraci\u00f3n de CO2<\/strong> y <strong>mejora la calidad del aire<\/strong>.<\/li>\n\n\n\n<li><strong>Reducci\u00f3n de calor<\/strong> en espacios amplios, creando un ambiente m\u00e1s confortable.<\/li>\n\n\n\n<li><strong>Funcionamiento silencioso<\/strong>, ideal para no interrumpir las actividades acad\u00e9micas.<\/li>\n<\/ul>\n\n\n\n<h4 class=\"wp-block-heading has-text-color has-link-color wp-elements-a5886e423824bc0d6c179c52db99399d\" style=\"color:#4682b4\"><strong><strong>OptimVent: Aire Fresco para un Mejor Aprendizaje<\/strong><\/strong><\/h4>\n\n\n\n<p><strong>OptimVent<\/strong> se especializa en ventiladores <strong>HVLS<\/strong> para <strong>grandes espacios<\/strong>, ofreciendo soluciones que promueven la salud y el bienestar en espacios educativos, optimizando el uso de la energ\u00eda.<\/p>\n\n\n\n<p class=\"has-text-color has-link-color wp-elements-e851d5ffc3039df0d6f100703ed5c9b7\" style=\"color:#4682b4\"><strong><strong>Solicita informaci\u00f3n sobre nuestros ventiladores de techo y c\u00f3mo pueden mejorar el ambiente en tus instalaciones educativas.<\/strong><\/strong><\/p>\n\n\n\n<div class=\"wp-block-buttons edge-to-edge is-content-justification-center is-layout-flex wp-container-core-buttons-is-layout-1 wp-block-buttons-is-layout-flex\">\n<div class=\"wp-block-button has-custom-width wp-block-button__width-75 custom-button is-style-outline is-style-outline--1\"><a class=\"wp-block-button__link wp-element-button\" href=\"https:\/\/optimvent.com\/es\/contactanos\/\"><strong><strong>Mejora la Ventilaci\u00f3n de tu Centro Educativo con Nuestros Ventiladores HVLS<\/strong><\/strong><\/a><\/div>\n<\/div>\n\n\n\n<div class=\"wp-block-group bottom-border is-nowrap is-layout-flex wp-container-core-group-is-layout-2 wp-block-group-is-layout-flex\"><\/div>\n<\/div>\n","protected":false},"excerpt":{"rendered":"<p>Ambientes Saludables y Confortables con Ventiladores HVLS para Espacios Educativos Para crear entornos de aprendizaje \u00f3ptimos, la ventilaci\u00f3n adecuada es fundamental. Los ventiladores HVLS de OptimVent son la soluci\u00f3n ideal para aulas, auditorios y gimnasios, proporcionando una circulaci\u00f3n de aire constante, mejorando la calidad del aire y contribuyendo al confort t\u00e9rmico de estudiantes y profesores. [&hellip;]<\/p>\n","protected":false},"author":5,"featured_media":0,"parent":5784,"menu_order":0,"comment_status":"closed","ping_status":"closed","template":"page-no-title","meta":{"_seopress_robots_primary_cat":"","_seopress_titles_title":"","_seopress_titles_desc":"","_seopress_robots_index":"","footnotes":""},"class_list":["post-5892","page","type-page","status-publish","hentry"],"_links":{"self":[{"href":"https:\/\/optimvent.com\/es\/wp-json\/wp\/v2\/pages\/5892","targetHints":{"allow":["GET"]}}],"collection":[{"href":"https:\/\/optimvent.com\/es\/wp-json\/wp\/v2\/pages"}],"about":[{"href":"https:\/\/optimvent.com\/es\/wp-json\/wp\/v2\/types\/page"}],"author":[{"embeddable":true,"href":"https:\/\/optimvent.com\/es\/wp-json\/wp\/v2\/users\/5"}],"replies":[{"embeddable":true,"href":"https:\/\/optimvent.com\/es\/wp-json\/wp\/v2\/comments?post=5892"}],"version-history":[{"count":5,"href":"https:\/\/optimvent.com\/es\/wp-json\/wp\/v2\/pages\/5892\/revisions"}],"predecessor-version":[{"id":6083,"href":"https:\/\/optimvent.com\/es\/wp-json\/wp\/v2\/pages\/5892\/revisions\/6083"}],"up":[{"embeddable":true,"href":"https:\/\/optimvent.com\/es\/wp-json\/wp\/v2\/pages\/5784"}],"wp:attachment":[{"href":"https:\/\/optimvent.com\/es\/wp-json\/wp\/v2\/media?parent=5892"}],"curies":[{"name":"wp","href":"https:\/\/api.w.org\/{rel}","templated":true}]}}