{"id":5896,"date":"2025-04-10T12:28:06","date_gmt":"2025-04-10T11:28:06","guid":{"rendered":"https:\/\/optimvent.com\/?page_id=5896"},"modified":"2025-04-15T05:52:51","modified_gmt":"2025-04-15T04:52:51","slug":"ventiladores-hvls-hospitales-centros-salud","status":"publish","type":"page","link":"https:\/\/optimvent.com\/es\/sectores\/ventiladores-hvls-hospitales-centros-salud\/","title":{"rendered":"Hospitales y centros de salud"},"content":{"rendered":"\n<div class=\"wp-block-group bottom-border is-nowrap is-layout-flex wp-container-core-group-is-layout-1 wp-block-group-is-layout-flex\"><\/div>\n\n\n\n<div class=\"wp-block-group is-vertical is-layout-flex wp-container-core-group-is-layout-3 wp-block-group-is-layout-flex\" style=\"padding-right:var(--wp--preset--spacing--medium);padding-left:var(--wp--preset--spacing--medium)\">\n<h2 class=\"wp-block-heading\"><strong><strong><strong><strong>Ventilaci\u00f3n y Calidad del Aire \u00d3ptimas con Ventiladores HVLS para Hospitales y Centros de Salud<\/strong><\/strong><\/strong><\/strong><\/h2>\n\n\n\n<p>En el <strong>sector sanitario<\/strong>, mantener una excelente calidad del aire y un control de humedad y temperatura preciso es vital. Los ventiladores <strong>HVLS<\/strong> de <strong>OptimVent<\/strong> contribuyen a crear entornos m\u00e1s saludables y confortables para pacientes y personal m\u00e9dico, gracias a una <strong>ventilaci\u00f3n eficiente<\/strong> y una <strong>\u00f3ptima circulaci\u00f3n de aire<\/strong>.<\/p>\n\n\n\n<h3 class=\"wp-block-heading has-text-color has-link-color wp-elements-0b1a9884fbfe75496fed5ae90180f229\" style=\"color:#4682b4\"><strong><strong><strong><strong>Beneficios de los Ventiladores Gigantes en Entornos Sanitarios<\/strong><\/strong><\/strong><\/strong><\/h3>\n\n\n\n<p>Nuestros <strong>ventiladores gigantes<\/strong> proporcionan:<\/p>\n\n\n\n<ul class=\"wp-block-list\">\n<li><strong>Mejora significativa<\/strong> de la calidad del aire al facilitar la circulaci\u00f3n de aire.<\/li>\n\n\n\n<li>Control de humedad y <strong>reducci\u00f3n del riesgo de proliferaci\u00f3n de pat\u00f3genos<\/strong>.<\/li>\n\n\n\n<li><strong>Confort t\u00e9rmico<\/strong> para pacientes y personal, creando un <strong>ambiente m\u00e1s agradable.<\/strong><\/li>\n<\/ul>\n\n\n\n<h4 class=\"wp-block-heading has-text-color has-link-color wp-elements-00c1a930e06d3233303b85660abb06e0\" style=\"color:#4682b4\"><strong><strong><strong><strong>Soluciones de Ventilaci\u00f3n Pensadas para la Salud<\/strong><\/strong><\/strong><\/strong><\/h4>\n\n\n\n<p><strong>OptimVent<\/strong> ofrece ventiladores <strong>HVLS<\/strong> para grandes espacios dise\u00f1ados para cumplir con los est\u00e1ndares de higiene y confort de hospitales y centros de salud, priorizando la ventilaci\u00f3n sostenible.<\/p>\n\n\n\n<p class=\"has-text-color has-link-color wp-elements-a57c3a10d491344fa1cdc75e7abfbb5e\" style=\"color:#4682b4\"><strong><strong><strong><strong>Descubre c\u00f3mo los ventiladores industriales de OptimVent pueden mejorar la ventilaci\u00f3n eficiente de tu hospital o cl\u00ednica. \u00a1Cont\u00e1ctanos!<\/strong><\/strong><\/strong><\/strong><\/p>\n\n\n\n<div class=\"wp-block-buttons edge-to-edge is-content-justification-center is-layout-flex wp-container-core-buttons-is-layout-1 wp-block-buttons-is-layout-flex\">\n<div class=\"wp-block-button has-custom-width wp-block-button__width-75 custom-button is-style-outline is-style-outline--1\"><a class=\"wp-block-button__link wp-element-button\" href=\"https:\/\/optimvent.com\/es\/contactanos\/\"><strong><strong><strong><strong>Solicita una Evaluaci\u00f3n de Ventilaci\u00f3n para tu Centro de Salud<\/strong><\/strong><\/strong><\/strong><\/a><\/div>\n<\/div>\n\n\n\n<div class=\"wp-block-group bottom-border is-nowrap is-layout-flex wp-container-core-group-is-layout-2 wp-block-group-is-layout-flex\"><\/div>\n<\/div>\n","protected":false},"excerpt":{"rendered":"<p>Ventilaci\u00f3n y Calidad del Aire \u00d3ptimas con Ventiladores HVLS para Hospitales y Centros de Salud En el sector sanitario, mantener una excelente calidad del aire y un control de humedad y temperatura preciso es vital. Los ventiladores HVLS de OptimVent contribuyen a crear entornos m\u00e1s saludables y confortables para pacientes y personal m\u00e9dico, gracias a [&hellip;]<\/p>\n","protected":false},"author":5,"featured_media":0,"parent":5784,"menu_order":0,"comment_status":"closed","ping_status":"closed","template":"page-no-title","meta":{"_seopress_robots_primary_cat":"","_seopress_titles_title":"","_seopress_titles_desc":"","_seopress_robots_index":"","footnotes":""},"class_list":["post-5896","page","type-page","status-publish","hentry"],"_links":{"self":[{"href":"https:\/\/optimvent.com\/es\/wp-json\/wp\/v2\/pages\/5896","targetHints":{"allow":["GET"]}}],"collection":[{"href":"https:\/\/optimvent.com\/es\/wp-json\/wp\/v2\/pages"}],"about":[{"href":"https:\/\/optimvent.com\/es\/wp-json\/wp\/v2\/types\/page"}],"author":[{"embeddable":true,"href":"https:\/\/optimvent.com\/es\/wp-json\/wp\/v2\/users\/5"}],"replies":[{"embeddable":true,"href":"https:\/\/optimvent.com\/es\/wp-json\/wp\/v2\/comments?post=5896"}],"version-history":[{"count":2,"href":"https:\/\/optimvent.com\/es\/wp-json\/wp\/v2\/pages\/5896\/revisions"}],"predecessor-version":[{"id":6084,"href":"https:\/\/optimvent.com\/es\/wp-json\/wp\/v2\/pages\/5896\/revisions\/6084"}],"up":[{"embeddable":true,"href":"https:\/\/optimvent.com\/es\/wp-json\/wp\/v2\/pages\/5784"}],"wp:attachment":[{"href":"https:\/\/optimvent.com\/es\/wp-json\/wp\/v2\/media?parent=5896"}],"curies":[{"name":"wp","href":"https:\/\/api.w.org\/{rel}","templated":true}]}}