{"id":5900,"date":"2025-04-10T12:29:12","date_gmt":"2025-04-10T11:29:12","guid":{"rendered":"https:\/\/optimvent.com\/?page_id=5900"},"modified":"2025-04-15T06:00:22","modified_gmt":"2025-04-15T05:00:22","slug":"ventiladores-hvls-hoteles-restaurantes","status":"publish","type":"page","link":"https:\/\/optimvent.com\/es\/sectores\/ventiladores-hvls-hoteles-restaurantes\/","title":{"rendered":"Hoteles y restaurantes"},"content":{"rendered":"\n<div class=\"wp-block-group bottom-border is-nowrap is-layout-flex wp-container-core-group-is-layout-1 wp-block-group-is-layout-flex\"><\/div>\n\n\n\n<div class=\"wp-block-group is-vertical is-layout-flex wp-container-core-group-is-layout-3 wp-block-group-is-layout-flex\" style=\"padding-right:var(--wp--preset--spacing--large);padding-left:var(--wp--preset--spacing--large)\">\n<h2 class=\"wp-block-heading\"><strong><strong><strong>Confort y Ambiente Agradable con Ventiladores HVLS para Hoteles y Restaurantes<\/strong><\/strong><\/strong><\/h2>\n\n\n\n<p>Ofrece una experiencia superior a tus hu\u00e9spedes y clientes con los ventiladores <strong>HVLS<\/strong> de <strong>OptimVent<\/strong>. Mant\u00e9n un ambiente fresco y confortable en recepciones, comedores y terrazas, mejorando el confort t\u00e9rmico y la circulaci\u00f3n de aire en tus instalaciones.<\/p>\n\n\n\n<h3 class=\"wp-block-heading has-text-color has-link-color wp-elements-e5d4cbb268270c0590e3088bc9006b59\" style=\"color:#4682b4\"><strong><strong><strong>Ventajas de los Ventiladores de Techo Silenciosos en Hosteler\u00eda<\/strong><\/strong><\/strong><\/h3>\n\n\n\n<p><strong>Nuestros <\/strong>ventiladores de techo silenciosos ofrecen:<\/p>\n\n\n\n<ul class=\"wp-block-list\">\n<li><strong>Dise\u00f1o moderno<\/strong> que se integra est\u00e9ticamente en cualquier ambiente.<\/li>\n\n\n\n<li><strong>Reducci\u00f3n de calor<\/strong> en espacios interiores y exteriores.<\/li>\n\n\n\n<li>Una <strong>ventilaci\u00f3n eficiente<\/strong> sin generar ruido molesto.<\/li>\n<\/ul>\n\n\n\n<h4 class=\"wp-block-heading has-text-color has-link-color wp-elements-75f36edf08a2afccc1a9b9968d2677f1\" style=\"color:#4682b4\"><strong><strong><strong>OptimVent: Elegancia y Eficiencia en Ventilaci\u00f3n para tu Negocio<\/strong><\/strong><\/strong><\/h4>\n\n\n\n<p><strong>OptimVent<\/strong> combina dise\u00f1o y funcionalidad en sus ventiladores <strong>HVLS<\/strong> para grandes espacios, ofreciendo soluciones que mejoran la experiencia de tus clientes y optimizan el ahorro energ\u00e9tico.<\/p>\n\n\n\n<p class=\"has-text-color has-link-color wp-elements-9845ad696fc9153cee50a347fd7ea230\" style=\"color:#4682b4\"><strong><strong><strong>Ponte en contacto con nosotros para conocer nuestras opciones de ventiladores de techo y c\u00f3mo pueden beneficiar a tu negocio.<\/strong><\/strong><\/strong><\/p>\n\n\n\n<div class=\"wp-block-buttons edge-to-edge is-content-justification-center is-layout-flex wp-container-core-buttons-is-layout-1 wp-block-buttons-is-layout-flex\">\n<div class=\"wp-block-button has-custom-width wp-block-button__width-75 custom-button is-style-outline is-style-outline--1\"><a class=\"wp-block-button__link wp-element-button\" href=\"https:\/\/optimvent.com\/es\/contactanos\/\"><strong><strong><strong>Mejora el Ambiente de tu Hotel o Restaurante con Nuestros Ventiladores HVLS<\/strong><\/strong><\/strong><\/a><\/div>\n<\/div>\n\n\n\n<div class=\"wp-block-group bottom-border is-nowrap is-layout-flex wp-container-core-group-is-layout-2 wp-block-group-is-layout-flex\"><\/div>\n<\/div>\n","protected":false},"excerpt":{"rendered":"<p>Confort y Ambiente Agradable con Ventiladores HVLS para Hoteles y Restaurantes Ofrece una experiencia superior a tus hu\u00e9spedes y clientes con los ventiladores HVLS de OptimVent. Mant\u00e9n un ambiente fresco y confortable en recepciones, comedores y terrazas, mejorando el confort t\u00e9rmico y la circulaci\u00f3n de aire en tus instalaciones. Ventajas de los Ventiladores de Techo [&hellip;]<\/p>\n","protected":false},"author":5,"featured_media":0,"parent":5784,"menu_order":0,"comment_status":"closed","ping_status":"closed","template":"page-no-title","meta":{"_seopress_robots_primary_cat":"","_seopress_titles_title":"","_seopress_titles_desc":"","_seopress_robots_index":"","footnotes":""},"class_list":["post-5900","page","type-page","status-publish","hentry"],"_links":{"self":[{"href":"https:\/\/optimvent.com\/es\/wp-json\/wp\/v2\/pages\/5900","targetHints":{"allow":["GET"]}}],"collection":[{"href":"https:\/\/optimvent.com\/es\/wp-json\/wp\/v2\/pages"}],"about":[{"href":"https:\/\/optimvent.com\/es\/wp-json\/wp\/v2\/types\/page"}],"author":[{"embeddable":true,"href":"https:\/\/optimvent.com\/es\/wp-json\/wp\/v2\/users\/5"}],"replies":[{"embeddable":true,"href":"https:\/\/optimvent.com\/es\/wp-json\/wp\/v2\/comments?post=5900"}],"version-history":[{"count":4,"href":"https:\/\/optimvent.com\/es\/wp-json\/wp\/v2\/pages\/5900\/revisions"}],"predecessor-version":[{"id":6089,"href":"https:\/\/optimvent.com\/es\/wp-json\/wp\/v2\/pages\/5900\/revisions\/6089"}],"up":[{"embeddable":true,"href":"https:\/\/optimvent.com\/es\/wp-json\/wp\/v2\/pages\/5784"}],"wp:attachment":[{"href":"https:\/\/optimvent.com\/es\/wp-json\/wp\/v2\/media?parent=5900"}],"curies":[{"name":"wp","href":"https:\/\/api.w.org\/{rel}","templated":true}]}}