{"id":5912,"date":"2025-04-10T12:36:06","date_gmt":"2025-04-10T11:36:06","guid":{"rendered":"https:\/\/optimvent.com\/?page_id=5912"},"modified":"2025-05-04T00:25:25","modified_gmt":"2025-05-03T23:25:25","slug":"soluciones","status":"publish","type":"page","link":"https:\/\/optimvent.com\/es\/soluciones\/","title":{"rendered":"Soluciones"},"content":{"rendered":"\n<p class=\"border-bottom\"><\/p>\n\n\n\n<h2 class=\"wp-block-heading\"><strong>Soluciones para Cada Espacio y Necesidad<\/strong><\/h2>\n\n\n\n<figure class=\"wp-block-image aligncenter size-full is-style-rounded padding-lr\" style=\"margin-right:var(--wp--preset--spacing--medium);margin-left:var(--wp--preset--spacing--medium)\"><img loading=\"lazy\" decoding=\"async\" width=\"800\" height=\"534\" src=\"https:\/\/optimvent.com\/wp-content\/uploads\/2020\/04\/HVLS-Optimvent-Piscinas1280x854.jpg\" alt=\"Ventilatores industriales OptimVent - piscinas\" class=\"wp-image-4555\" style=\"aspect-ratio:16\/9;object-fit:cover\" srcset=\"https:\/\/optimvent.com\/wp-content\/uploads\/2020\/04\/HVLS-Optimvent-Piscinas1280x854.jpg 800w, https:\/\/optimvent.com\/wp-content\/uploads\/2020\/04\/HVLS-Optimvent-Piscinas1280x854-640x427.jpg 640w, https:\/\/optimvent.com\/wp-content\/uploads\/2020\/04\/HVLS-Optimvent-Piscinas1280x854-768x513.jpg 768w, https:\/\/optimvent.com\/wp-content\/uploads\/2020\/04\/HVLS-Optimvent-Piscinas1280x854-320x214.jpg 320w\" sizes=\"auto, (max-width: 800px) 100vw, 800px\" \/><\/figure>\n\n\n\n<div class=\"wp-block-group hidden-1 is-vertical is-layout-flex wp-container-core-group-is-layout-1 wp-block-group-is-layout-flex\">\n<p><span class=\"wp-rich-text-font-awesome-icon wp-font-awesome-icon\"><svg aria-hidden=\"true\" focusable=\"false\" data-prefix=\"fas\" data-icon=\"circle-arrow-right\" class=\"svg-inline--fa fa-circle-arrow-right \" role=\"img\" xmlns=\"http:\/\/www.w3.org\/2000\/svg\" viewBox=\"0 0 512 512\"><path fill=\"currentColor\" d=\"M0 256a256 256 0 1 0 512 0A256 256 0 1 0 0 256zM297 385c-9.4 9.4-24.6 9.4-33.9 0s-9.4-24.6 0-33.9l71-71L120 280c-13.3 0-24-10.7-24-24s10.7-24 24-24l214.1 0-71-71c-9.4-9.4-9.4-24.6 0-33.9s24.6-9.4 33.9 0L409 239c9.4 9.4 9.4 24.6 0 33.9L297 385z\"><\/path><\/svg><\/span><strong> Exceso de calor en grandes espacios: enfr\u00edalos con menos consumo<\/strong><\/p>\n\n\n\n<p><span class=\"wp-rich-text-font-awesome-icon wp-font-awesome-icon\"><svg aria-hidden=\"true\" focusable=\"false\" data-prefix=\"fas\" data-icon=\"circle-arrow-right\" class=\"svg-inline--fa fa-circle-arrow-right \" role=\"img\" xmlns=\"http:\/\/www.w3.org\/2000\/svg\" viewBox=\"0 0 512 512\"><path fill=\"currentColor\" d=\"M0 256a256 256 0 1 0 512 0A256 256 0 1 0 0 256zM297 385c-9.4 9.4-24.6 9.4-33.9 0s-9.4-24.6 0-33.9l71-71L120 280c-13.3 0-24-10.7-24-24s10.7-24 24-24l214.1 0-71-71c-9.4-9.4-9.4-24.6 0-33.9s24.6-9.4 33.9 0L409 239c9.4 9.4 9.4 24.6 0 33.9L297 385z\"><\/path><\/svg><\/span> <strong>\u00bfMal aire en tu negocio? Mejora la circulaci\u00f3n con HVLS<\/strong><\/p>\n\n\n\n<p><span class=\"wp-rich-text-font-awesome-icon wp-font-awesome-icon\"><svg aria-hidden=\"true\" focusable=\"false\" data-prefix=\"fas\" data-icon=\"circle-arrow-right\" class=\"svg-inline--fa fa-circle-arrow-right \" role=\"img\" xmlns=\"http:\/\/www.w3.org\/2000\/svg\" viewBox=\"0 0 512 512\"><path fill=\"currentColor\" d=\"M0 256a256 256 0 1 0 512 0A256 256 0 1 0 0 256zM297 385c-9.4 9.4-24.6 9.4-33.9 0s-9.4-24.6 0-33.9l71-71L120 280c-13.3 0-24-10.7-24-24s10.7-24 24-24l214.1 0-71-71c-9.4-9.4-9.4-24.6 0-33.9s24.6-9.4 33.9 0L409 239c9.4 9.4 9.4 24.6 0 33.9L297 385z\"><\/path><\/svg><\/span> <strong>Ahorra energ\u00eda y optimiza la climatizaci\u00f3n con HVLS<\/strong><\/p>\n\n\n\n<p><span class=\"wp-rich-text-font-awesome-icon wp-font-awesome-icon\"><svg aria-hidden=\"true\" focusable=\"false\" data-prefix=\"fas\" data-icon=\"circle-arrow-right\" class=\"svg-inline--fa fa-circle-arrow-right \" role=\"img\" xmlns=\"http:\/\/www.w3.org\/2000\/svg\" viewBox=\"0 0 512 512\"><path fill=\"currentColor\" d=\"M0 256a256 256 0 1 0 512 0A256 256 0 1 0 0 256zM297 385c-9.4 9.4-24.6 9.4-33.9 0s-9.4-24.6 0-33.9l71-71L120 280c-13.3 0-24-10.7-24-24s10.7-24 24-24l214.1 0-71-71c-9.4-9.4-9.4-24.6 0-33.9s24.6-9.4 33.9 0L409 239c9.4 9.4 9.4 24.6 0 33.9L297 385z\"><\/path><\/svg><\/span> <strong>Di adi\u00f3s a la humedad y condensaci\u00f3n con mejor ventilaci\u00f3n<\/strong><\/p>\n\n\n\n<p><span class=\"wp-rich-text-font-awesome-icon wp-font-awesome-icon\"><svg aria-hidden=\"true\" focusable=\"false\" data-prefix=\"fas\" data-icon=\"circle-arrow-right\" class=\"svg-inline--fa fa-circle-arrow-right \" role=\"img\" xmlns=\"http:\/\/www.w3.org\/2000\/svg\" viewBox=\"0 0 512 512\"><path fill=\"currentColor\" d=\"M0 256a256 256 0 1 0 512 0A256 256 0 1 0 0 256zM297 385c-9.4 9.4-24.6 9.4-33.9 0s-9.4-24.6 0-33.9l71-71L120 280c-13.3 0-24-10.7-24-24s10.7-24 24-24l214.1 0-71-71c-9.4-9.4-9.4-24.6 0-33.9s24.6-9.4 33.9 0L409 239c9.4 9.4 9.4 24.6 0 33.9L297 385z\"><\/path><\/svg><\/span> <strong>Olores y aire viciado: soluci\u00f3n con ventiladores HVLS<\/strong><\/p>\n\n\n\n<p><span class=\"wp-rich-text-font-awesome-icon wp-font-awesome-icon\"><svg aria-hidden=\"true\" focusable=\"false\" data-prefix=\"fas\" data-icon=\"circle-arrow-right\" class=\"svg-inline--fa fa-circle-arrow-right \" role=\"img\" xmlns=\"http:\/\/www.w3.org\/2000\/svg\" viewBox=\"0 0 512 512\"><path fill=\"currentColor\" d=\"M0 256a256 256 0 1 0 512 0A256 256 0 1 0 0 256zM297 385c-9.4 9.4-24.6 9.4-33.9 0s-9.4-24.6 0-33.9l71-71L120 280c-13.3 0-24-10.7-24-24s10.7-24 24-24l214.1 0-71-71c-9.4-9.4-9.4-24.6 0-33.9s24.6-9.4 33.9 0L409 239c9.4 9.4 9.4 24.6 0 33.9L297 385z\"><\/path><\/svg><\/span> <strong>Reduce el estr\u00e9s t\u00e9rmico en trabajadores y animales<\/strong><\/p>\n\n\n\n<p><span class=\"wp-rich-text-font-awesome-icon wp-font-awesome-icon\"><svg aria-hidden=\"true\" focusable=\"false\" data-prefix=\"fas\" data-icon=\"circle-arrow-right\" class=\"svg-inline--fa fa-circle-arrow-right \" role=\"img\" xmlns=\"http:\/\/www.w3.org\/2000\/svg\" viewBox=\"0 0 512 512\"><path fill=\"currentColor\" d=\"M0 256a256 256 0 1 0 512 0A256 256 0 1 0 0 256zM297 385c-9.4 9.4-24.6 9.4-33.9 0s-9.4-24.6 0-33.9l71-71L120 280c-13.3 0-24-10.7-24-24s10.7-24 24-24l214.1 0-71-71c-9.4-9.4-9.4-24.6 0-33.9s24.6-9.4 33.9 0L409 239c9.4 9.4 9.4 24.6 0 33.9L297 385z\"><\/path><\/svg><\/span> <strong>\u00bfZonas calientes y fr\u00edas? Equilibra el aire en tu espacio<\/strong><\/p>\n\n\n\n<p><span class=\"wp-rich-text-font-awesome-icon wp-font-awesome-icon\"><svg aria-hidden=\"true\" focusable=\"false\" data-prefix=\"fas\" data-icon=\"circle-arrow-right\" class=\"svg-inline--fa fa-circle-arrow-right \" role=\"img\" xmlns=\"http:\/\/www.w3.org\/2000\/svg\" viewBox=\"0 0 512 512\"><path fill=\"currentColor\" d=\"M0 256a256 256 0 1 0 512 0A256 256 0 1 0 0 256zM297 385c-9.4 9.4-24.6 9.4-33.9 0s-9.4-24.6 0-33.9l71-71L120 280c-13.3 0-24-10.7-24-24s10.7-24 24-24l214.1 0-71-71c-9.4-9.4-9.4-24.6 0-33.9s24.6-9.4 33.9 0L409 239c9.4 9.4 9.4 24.6 0 33.9L297 385z\"><\/path><\/svg><\/span> <strong>Ventilaci\u00f3n eficiente: la alternativa a sistemas costo<\/strong><\/p>\n<\/div>\n\n\n\n<p><\/p>\n\n\n\n<div class=\"wp-block-group is-layout-grid wp-container-core-group-is-layout-2 wp-block-group-is-layout-grid\" style=\"margin-top:0;margin-bottom:0;padding-right:var(--wp--preset--spacing--medium);padding-left:var(--wp--preset--spacing--medium)\">\n<p class=\"custom-button wp-container-content-1\"><a href=\"https:\/\/optimvent.com\/es\/soluciones\/solucion-exceso-calor\/\" data-type=\"page\" data-id=\"5928\"><i class=\"fas fa-arrow-circle-right\"><\/i> Exceso de calor en grandes espacios: enfr\u00edalos con menos consumo<\/a><\/p>\n\n\n\n<p class=\"custom-button wp-container-content-2\"><a href=\"https:\/\/optimvent.com\/es\/soluciones\/mala-circulacion-del-aire\/\" data-type=\"page\" data-id=\"5929\"><i class=\"fas fa-arrow-circle-right\"><\/i>  \u00bfMal aire en tu negocio? Mejora la circulaci\u00f3n con HVLS<\/a><\/p>\n\n\n\n<p class=\"custom-button wp-container-content-3\"><a href=\"https:\/\/optimvent.com\/es\/soluciones\/ahorro-energia-climatizacion\/\" data-type=\"page\" data-id=\"5930\"><i class=\"fas fa-arrow-circle-right\"><\/i> Ahorra energ\u00eda y optimiza la climatizaci\u00f3n con HVLS<\/a><\/p>\n\n\n\n<p class=\"custom-button wp-container-content-4\"><a href=\"https:\/\/optimvent.com\/es\/soluciones\/humedad-condensacion-industria\/\" data-type=\"page\" data-id=\"5935\"><i class=\"fas fa-arrow-circle-right\"><\/i>  Di adi\u00f3s a la humedad y condensaci\u00f3n con mejor ventilaci\u00f3n<\/a><\/p>\n\n\n\n<p class=\"custom-button wp-container-content-5\"><a href=\"https:\/\/optimvent.com\/es\/soluciones\/eliminar-olores-espacios-grandes\/\" data-type=\"page\" data-id=\"5936\"><i class=\"fas fa-arrow-circle-right\"><\/i>  Olores y aire viciado: soluci\u00f3n con ventiladores HVLS<\/a><\/p>\n\n\n\n<p class=\"custom-button wp-container-content-6\"><a href=\"https:\/\/optimvent.com\/es\/soluciones\/estres-termico-trabajadores-animales\/\" data-type=\"page\" data-id=\"5939\"><i class=\"fas fa-arrow-circle-right\"><\/i> Reduce el estr\u00e9s t\u00e9rmico en trabajadores y animales<\/a><\/p>\n\n\n\n<p class=\"custom-button wp-container-content-7\"><a href=\"https:\/\/optimvent.com\/es\/soluciones\/distribucion-uniforme-del-aire\/\" data-type=\"page\" data-id=\"5940\"><i class=\"fas fa-arrow-circle-right\"><\/i> \u00bfZonas calientes y fr\u00edas? Equilibra el aire en tu espacio<\/a><\/p>\n\n\n\n<p class=\"custom-button wp-container-content-8\"><a href=\"https:\/\/optimvent.com\/es\/soluciones\/ventilacion-industrial-eficiente\/\" data-type=\"page\" data-id=\"5945\"><i class=\"fas fa-arrow-circle-right\"><\/i> Ventilaci\u00f3n eficiente: la alternativa a sistemas costo<\/a><\/p>\n\n\n\n<p class=\"custom-button wp-container-content-9\"><\/p>\n<\/div>\n\n\n\n<p class=\"border-bottom\"><\/p>\n","protected":false},"excerpt":{"rendered":"<p>Soluciones para Cada Espacio y Necesidad Exceso de calor en grandes espacios: enfr\u00edalos con menos consumo \u00bfMal aire en tu negocio? Mejora la circulaci\u00f3n con HVLS Ahorra energ\u00eda y optimiza la climatizaci\u00f3n con HVLS Di adi\u00f3s a la humedad y condensaci\u00f3n con mejor ventilaci\u00f3n Olores y aire viciado: soluci\u00f3n con ventiladores HVLS Reduce el estr\u00e9s [&hellip;]<\/p>\n","protected":false},"author":5,"featured_media":0,"parent":0,"menu_order":0,"comment_status":"closed","ping_status":"closed","template":"page-no-title","meta":{"_seopress_robots_primary_cat":"","_seopress_titles_title":"","_seopress_titles_desc":"","_seopress_robots_index":"","footnotes":""},"class_list":["post-5912","page","type-page","status-publish","hentry"],"_links":{"self":[{"href":"https:\/\/optimvent.com\/es\/wp-json\/wp\/v2\/pages\/5912","targetHints":{"allow":["GET"]}}],"collection":[{"href":"https:\/\/optimvent.com\/es\/wp-json\/wp\/v2\/pages"}],"about":[{"href":"https:\/\/optimvent.com\/es\/wp-json\/wp\/v2\/types\/page"}],"author":[{"embeddable":true,"href":"https:\/\/optimvent.com\/es\/wp-json\/wp\/v2\/users\/5"}],"replies":[{"embeddable":true,"href":"https:\/\/optimvent.com\/es\/wp-json\/wp\/v2\/comments?post=5912"}],"version-history":[{"count":78,"href":"https:\/\/optimvent.com\/es\/wp-json\/wp\/v2\/pages\/5912\/revisions"}],"predecessor-version":[{"id":6268,"href":"https:\/\/optimvent.com\/es\/wp-json\/wp\/v2\/pages\/5912\/revisions\/6268"}],"wp:attachment":[{"href":"https:\/\/optimvent.com\/es\/wp-json\/wp\/v2\/media?parent=5912"}],"curies":[{"name":"wp","href":"https:\/\/api.w.org\/{rel}","templated":true}]}}