{"id":5928,"date":"2025-04-10T13:37:51","date_gmt":"2025-04-10T12:37:51","guid":{"rendered":"https:\/\/optimvent.com\/?page_id=5928"},"modified":"2025-05-03T22:36:03","modified_gmt":"2025-05-03T21:36:03","slug":"solucion-exceso-calor","status":"publish","type":"page","link":"https:\/\/optimvent.com\/es\/soluciones\/solucion-exceso-calor\/","title":{"rendered":"Exceso de calor"},"content":{"rendered":"\n<p class=\"border-bottom\"><\/p>\n\n\n\n<h2 class=\"wp-block-heading\"><strong><strong>Reduce el Exceso de Calor con Ventiladores HVLS de OptimVent<\/strong><\/strong><\/h2>\n\n\n\n<p><strong><strong>Los grandes espacios industriales, comerciales y log\u00edsticos sufren de acumulaci\u00f3n de calor, afectando la productividad y el confort. Los ventiladores HVLS son la soluci\u00f3n eficiente para mantener una temperatura estable sin altos costos energ\u00e9ticos<\/strong><\/strong><\/p>\n\n\n\n<h3 class=\"wp-block-heading has-text-color has-link-color wp-elements-ba9ee417138f7ea5e8e4093789177612\" style=\"color:#4682b4\"><strong>\u00bfPor qu\u00e9 los ventiladores HVLS son la mejor opci\u00f3n contra el calor?<\/strong><\/h3>\n\n\n\n<ul class=\"wp-block-list is-style-default\">\n<li><strong>Crean una brisa natural que reduce la sensaci\u00f3n t\u00e9rmica.<\/strong><\/li>\n\n\n\n<li><strong>Funcionan con bajo consumo energ\u00e9tico en comparaci\u00f3n con el aire acondicionado.<\/strong><\/li>\n\n\n\n<li><strong>Cubren grandes \u00e1reas con un solo equipo.<\/strong><\/li>\n<\/ul>\n\n\n\n<h4 class=\"wp-block-heading has-text-color has-link-color wp-elements-ac03f702e9fa2151d754c130ec1b09d9\" style=\"color:#4682b4\"><strong>Sectores que sufren el problema del exceso de calor<\/strong><\/h4>\n\n\n\n<ul class=\"wp-block-list\">\n<li><strong>Industrias y f\u00e1bricas<\/strong><\/li>\n\n\n\n<li><strong>Almacenes y centros log\u00edsticos<\/strong><\/li>\n\n\n\n<li><strong>Gimnasios y centros deportivos<\/strong><\/li>\n\n\n\n<li><strong>Centros comerciales y <\/strong><strong>retail<\/strong><\/li>\n<\/ul>\n\n\n\n<h4 class=\"wp-block-heading has-text-color has-link-color wp-elements-93904eb385b4f241c832b500709bbc75\" style=\"color:#4682b4\"><strong>Mejora la temperatura de tu espacio con OptimVent<\/strong><\/h4>\n\n\n\n<p><strong>No dejes que el calor afecte tu negocio. Solicita una asesor\u00eda gratuita y descubre la soluci\u00f3n perfecta para tu espacio.<\/strong><\/p>\n\n\n\n<div class=\"wp-block-buttons is-content-justification-center is-layout-flex wp-container-core-buttons-is-layout-1 wp-block-buttons-is-layout-flex\">\n<div class=\"wp-block-button has-custom-width wp-block-button__width-50 is-style-outline custom-button is-style-outline--1\"><a class=\"wp-block-button__link wp-element-button\" href=\"https:\/\/optimvent.com\/es\/contactanos\/\"><strong>\u00a1Cont\u00e1ctanos hoy!<\/strong><\/a><\/div>\n<\/div>\n\n\n\n<p class=\"border-bottom\"><\/p>\n","protected":false},"excerpt":{"rendered":"<p>Reduce el Exceso de Calor con Ventiladores HVLS de OptimVent Los grandes espacios industriales, comerciales y log\u00edsticos sufren de acumulaci\u00f3n de calor, afectando la productividad y el confort. Los ventiladores HVLS son la soluci\u00f3n eficiente para mantener una temperatura estable sin altos costos energ\u00e9ticos \u00bfPor qu\u00e9 los ventiladores HVLS son la mejor opci\u00f3n contra el [&hellip;]<\/p>\n","protected":false},"author":5,"featured_media":0,"parent":5912,"menu_order":0,"comment_status":"closed","ping_status":"closed","template":"page-no-title","meta":{"_seopress_robots_primary_cat":"","_seopress_titles_title":"","_seopress_titles_desc":"","_seopress_robots_index":"","footnotes":""},"class_list":["post-5928","page","type-page","status-publish","hentry"],"_links":{"self":[{"href":"https:\/\/optimvent.com\/es\/wp-json\/wp\/v2\/pages\/5928","targetHints":{"allow":["GET"]}}],"collection":[{"href":"https:\/\/optimvent.com\/es\/wp-json\/wp\/v2\/pages"}],"about":[{"href":"https:\/\/optimvent.com\/es\/wp-json\/wp\/v2\/types\/page"}],"author":[{"embeddable":true,"href":"https:\/\/optimvent.com\/es\/wp-json\/wp\/v2\/users\/5"}],"replies":[{"embeddable":true,"href":"https:\/\/optimvent.com\/es\/wp-json\/wp\/v2\/comments?post=5928"}],"version-history":[{"count":13,"href":"https:\/\/optimvent.com\/es\/wp-json\/wp\/v2\/pages\/5928\/revisions"}],"predecessor-version":[{"id":6227,"href":"https:\/\/optimvent.com\/es\/wp-json\/wp\/v2\/pages\/5928\/revisions\/6227"}],"up":[{"embeddable":true,"href":"https:\/\/optimvent.com\/es\/wp-json\/wp\/v2\/pages\/5912"}],"wp:attachment":[{"href":"https:\/\/optimvent.com\/es\/wp-json\/wp\/v2\/media?parent=5928"}],"curies":[{"name":"wp","href":"https:\/\/api.w.org\/{rel}","templated":true}]}}