{"id":5929,"date":"2025-04-10T13:38:05","date_gmt":"2025-04-10T12:38:05","guid":{"rendered":"https:\/\/optimvent.com\/?page_id=5929"},"modified":"2025-05-03T22:40:36","modified_gmt":"2025-05-03T21:40:36","slug":"mala-circulacion-del-aire","status":"publish","type":"page","link":"https:\/\/optimvent.com\/es\/soluciones\/mala-circulacion-del-aire\/","title":{"rendered":"Mala circulaci\u00f3n del aire"},"content":{"rendered":"\n<p class=\"border-bottom\"><\/p>\n\n\n\n<h2 class=\"wp-block-heading\"><strong><strong><strong>Optimiza la Circulaci\u00f3n de Aire en Espacios Cerrados<\/strong><\/strong><\/strong><\/h2>\n\n\n\n<p><strong><strong>La mala ventilaci\u00f3n genera problemas de confort, calidad del aire y acumulaci\u00f3n de contaminantes. Los ventiladores HVLS de OptimVent mejoran el flujo de aire y evitan la sensaci\u00f3n de aire viciado.<\/strong><\/strong><\/p>\n\n\n\n<h3 class=\"wp-block-heading has-text-color has-link-color wp-elements-7c39d7a12d46a57a91c9b2733e8e3b1d\" style=\"color:#4682b4\"><strong><strong>Beneficios de una circulaci\u00f3n de aire eficiente<\/strong><\/strong><\/h3>\n\n\n\n<ul class=\"wp-block-list is-style-default\">\n<li><strong><strong>Reduce olores y humedad.<\/strong><\/strong><\/li>\n\n\n\n<li><strong><strong>Previene la acumulaci\u00f3n de CO\u2082 y otros contaminantes.<\/strong><\/strong><\/li>\n\n\n\n<li><strong><strong>Mejora el bienestar de trabajadores y clientes.<\/strong><\/strong><\/li>\n<\/ul>\n\n\n\n<h4 class=\"wp-block-heading has-text-color has-link-color wp-elements-bfeab5daa0c0160a621f12f68d156de0\" style=\"color:#4682b4\"><strong><strong>Espacios donde se requiere mejor ventilaci\u00f3n<\/strong><\/strong><\/h4>\n\n\n\n<ul class=\"wp-block-list\">\n<li><strong><strong>Naves industriales<\/strong><\/strong><\/li>\n\n\n\n<li><strong><strong>Oficinas y espacios comerciales<\/strong><\/strong><\/li>\n\n\n\n<li><strong><strong>Gimnasios y polideportivo<\/strong><\/strong>s<\/li>\n<\/ul>\n\n\n\n<h4 class=\"wp-block-heading has-text-color has-link-color wp-elements-21b6ba7d2886cad11534a1f74558074b\" style=\"color:#4682b4\"><strong><strong>Elimina el aire viciado con OptimVent<\/strong><\/strong><\/h4>\n\n\n\n<p><strong><strong>Evita problemas de ventilaci\u00f3n y mejora la calidad del aire.<\/strong><\/strong><\/p>\n\n\n\n<div class=\"wp-block-buttons is-content-justification-center is-layout-flex wp-container-core-buttons-is-layout-1 wp-block-buttons-is-layout-flex\">\n<div class=\"wp-block-button has-custom-width wp-block-button__width-50 is-style-outline custom-button is-style-outline--1\"><a class=\"wp-block-button__link wp-element-button\" href=\"https:\/\/optimvent.com\/es\/contactanos\/\"><strong><strong>Pide una cotizaci\u00f3n sin compromiso y transforma tu espacio hoy<\/strong><\/strong><\/a><\/div>\n<\/div>\n\n\n\n<p class=\"border-bottom\"><\/p>\n","protected":false},"excerpt":{"rendered":"<p>Optimiza la Circulaci\u00f3n de Aire en Espacios Cerrados La mala ventilaci\u00f3n genera problemas de confort, calidad del aire y acumulaci\u00f3n de contaminantes. Los ventiladores HVLS de OptimVent mejoran el flujo de aire y evitan la sensaci\u00f3n de aire viciado. Beneficios de una circulaci\u00f3n de aire eficiente Espacios donde se requiere mejor ventilaci\u00f3n Elimina el aire [&hellip;]<\/p>\n","protected":false},"author":5,"featured_media":0,"parent":5912,"menu_order":0,"comment_status":"closed","ping_status":"closed","template":"page-no-title","meta":{"_seopress_robots_primary_cat":"","_seopress_titles_title":"","_seopress_titles_desc":"","_seopress_robots_index":"","footnotes":""},"class_list":["post-5929","page","type-page","status-publish","hentry"],"_links":{"self":[{"href":"https:\/\/optimvent.com\/es\/wp-json\/wp\/v2\/pages\/5929","targetHints":{"allow":["GET"]}}],"collection":[{"href":"https:\/\/optimvent.com\/es\/wp-json\/wp\/v2\/pages"}],"about":[{"href":"https:\/\/optimvent.com\/es\/wp-json\/wp\/v2\/types\/page"}],"author":[{"embeddable":true,"href":"https:\/\/optimvent.com\/es\/wp-json\/wp\/v2\/users\/5"}],"replies":[{"embeddable":true,"href":"https:\/\/optimvent.com\/es\/wp-json\/wp\/v2\/comments?post=5929"}],"version-history":[{"count":3,"href":"https:\/\/optimvent.com\/es\/wp-json\/wp\/v2\/pages\/5929\/revisions"}],"predecessor-version":[{"id":6229,"href":"https:\/\/optimvent.com\/es\/wp-json\/wp\/v2\/pages\/5929\/revisions\/6229"}],"up":[{"embeddable":true,"href":"https:\/\/optimvent.com\/es\/wp-json\/wp\/v2\/pages\/5912"}],"wp:attachment":[{"href":"https:\/\/optimvent.com\/es\/wp-json\/wp\/v2\/media?parent=5929"}],"curies":[{"name":"wp","href":"https:\/\/api.w.org\/{rel}","templated":true}]}}