{"id":5930,"date":"2025-04-10T13:38:21","date_gmt":"2025-04-10T12:38:21","guid":{"rendered":"https:\/\/optimvent.com\/?page_id=5930"},"modified":"2025-05-03T22:43:59","modified_gmt":"2025-05-03T21:43:59","slug":"ahorro-energia-climatizacion","status":"publish","type":"page","link":"https:\/\/optimvent.com\/es\/soluciones\/ahorro-energia-climatizacion\/","title":{"rendered":"Ahorro de energ\u00eda"},"content":{"rendered":"\n<p class=\"border-bottom\"><\/p>\n\n\n\n<h2 class=\"wp-block-heading\"><strong><strong><strong>Reduce Costos Energ\u00e9ticos con Ventiladores HVLS<\/strong><\/strong><\/strong><\/h2>\n\n\n\n<p><strong><strong><strong>Los sistemas de climatizaci\u00f3n tradicionales consumen demasiada energ\u00eda. Los ventiladores HVLS de OptimVent ayudan a reducir la dependencia del aire acondicionado y optimizan el consumo energ\u00e9tico.<\/strong><\/strong><\/strong><\/p>\n\n\n\n<h3 class=\"wp-block-heading has-text-color has-link-color wp-elements-7e86c0fd6ece85ae266603cca228ca27\" style=\"color:#4682b4\"><strong><strong>\u00bfC\u00f3mo los ventiladores HVLS ayudan al ahorro energ\u00e9tico?<\/strong><\/strong><\/h3>\n\n\n\n<ul class=\"wp-block-list is-style-default\">\n<li><strong><strong>Distribuyen el aire de manera uniforme.<\/strong><\/strong><\/li>\n\n\n\n<li><strong><strong>Reducen el uso de aires acondicionados hasta un 30-50%.<\/strong><\/strong><\/li>\n\n\n\n<li><strong><strong>Operan con motores de bajo consumo.<\/strong><\/strong><\/li>\n<\/ul>\n\n\n\n<h4 class=\"wp-block-heading has-text-color has-link-color wp-elements-98ea4f3b338b1216c7ef8a1c71c36a92\" style=\"color:#4682b4\"><strong><strong>Sectores que m\u00e1s se benefician del ahorro energ\u00e9tico<\/strong><\/strong><\/h4>\n\n\n\n<ul class=\"wp-block-list\">\n<li><strong><strong>F\u00e1bricas y almacenes<\/strong><\/strong><\/li>\n\n\n\n<li><strong><strong>Centros comerciales y supermercados<\/strong><\/strong><\/li>\n\n\n\n<li><strong><strong>Oficinas y espacios corporativos<\/strong><\/strong><\/li>\n<\/ul>\n\n\n\n<h4 class=\"wp-block-heading has-text-color has-link-color wp-elements-cb4838f04cf5991c0e03b938603e5c01\" style=\"color:#4682b4\"><strong><strong>Invierte en eficiencia y reduce costos<\/strong><\/strong><\/h4>\n\n\n\n<p><strong><strong>Optimiza la climatizaci\u00f3n sin aumentar costos.<\/strong><\/strong><\/p>\n\n\n\n<div class=\"wp-block-buttons is-content-justification-center is-layout-flex wp-container-core-buttons-is-layout-1 wp-block-buttons-is-layout-flex\">\n<div class=\"wp-block-button has-custom-width wp-block-button__width-50 is-style-outline custom-button is-style-outline--1\"><a class=\"wp-block-button__link wp-element-button\" href=\"https:\/\/optimvent.com\/es\/contactanos\/\"><strong><strong>Cont\u00e1ctanos y recibe un plan personalizado para tu negocio<\/strong><\/strong><\/a><\/div>\n<\/div>\n\n\n\n<p class=\"border-bottom\"><\/p>\n","protected":false},"excerpt":{"rendered":"<p>Reduce Costos Energ\u00e9ticos con Ventiladores HVLS Los sistemas de climatizaci\u00f3n tradicionales consumen demasiada energ\u00eda. Los ventiladores HVLS de OptimVent ayudan a reducir la dependencia del aire acondicionado y optimizan el consumo energ\u00e9tico. \u00bfC\u00f3mo los ventiladores HVLS ayudan al ahorro energ\u00e9tico? Sectores que m\u00e1s se benefician del ahorro energ\u00e9tico Invierte en eficiencia y reduce costos Optimiza [&hellip;]<\/p>\n","protected":false},"author":5,"featured_media":0,"parent":5912,"menu_order":0,"comment_status":"closed","ping_status":"closed","template":"page-no-title","meta":{"_seopress_robots_primary_cat":"","_seopress_titles_title":"","_seopress_titles_desc":"","_seopress_robots_index":"","footnotes":""},"class_list":["post-5930","page","type-page","status-publish","hentry"],"_links":{"self":[{"href":"https:\/\/optimvent.com\/es\/wp-json\/wp\/v2\/pages\/5930","targetHints":{"allow":["GET"]}}],"collection":[{"href":"https:\/\/optimvent.com\/es\/wp-json\/wp\/v2\/pages"}],"about":[{"href":"https:\/\/optimvent.com\/es\/wp-json\/wp\/v2\/types\/page"}],"author":[{"embeddable":true,"href":"https:\/\/optimvent.com\/es\/wp-json\/wp\/v2\/users\/5"}],"replies":[{"embeddable":true,"href":"https:\/\/optimvent.com\/es\/wp-json\/wp\/v2\/comments?post=5930"}],"version-history":[{"count":2,"href":"https:\/\/optimvent.com\/es\/wp-json\/wp\/v2\/pages\/5930\/revisions"}],"predecessor-version":[{"id":6230,"href":"https:\/\/optimvent.com\/es\/wp-json\/wp\/v2\/pages\/5930\/revisions\/6230"}],"up":[{"embeddable":true,"href":"https:\/\/optimvent.com\/es\/wp-json\/wp\/v2\/pages\/5912"}],"wp:attachment":[{"href":"https:\/\/optimvent.com\/es\/wp-json\/wp\/v2\/media?parent=5930"}],"curies":[{"name":"wp","href":"https:\/\/api.w.org\/{rel}","templated":true}]}}