{"id":5935,"date":"2025-04-10T13:38:38","date_gmt":"2025-04-10T12:38:38","guid":{"rendered":"https:\/\/optimvent.com\/?page_id=5935"},"modified":"2025-05-03T22:48:06","modified_gmt":"2025-05-03T21:48:06","slug":"humedad-condensacion-industria","status":"publish","type":"page","link":"https:\/\/optimvent.com\/es\/soluciones\/humedad-condensacion-industria\/","title":{"rendered":"Controlo humedad"},"content":{"rendered":"\n<p class=\"border-bottom\"><\/p>\n\n\n\n<h2 class=\"wp-block-heading\"><strong><strong><strong>Elimina la Humedad y Condensaci\u00f3n en tu Negocio<\/strong><\/strong><\/strong><\/h2>\n\n\n\n<p><strong><strong><strong>La humedad en exceso puede generar moho, corrosi\u00f3n y da\u00f1os en productos almacenados. Los ventiladores HVLS de OptimVent controlan la condensaci\u00f3n y mantienen un ambiente seco y seguro.<\/strong><\/strong><\/strong><\/p>\n\n\n\n<h3 class=\"wp-block-heading has-text-color has-link-color wp-elements-8184ef7cb449d0432fa852fb3391ba73\" style=\"color:#4682b4\"><strong><strong>Ventiladores HVLS contra la humedad: \u00bfC\u00f3mo funcionan?<\/strong><\/strong><\/h3>\n\n\n\n<ul class=\"wp-block-list is-style-default\">\n<li><strong><strong>Mantienen el aire en movimiento, evitando acumulaciones de humedad.<\/strong><\/strong><\/li>\n\n\n\n<li><strong><strong>Reducen la condensaci\u00f3n en estructuras y productos.<\/strong><\/strong><\/li>\n\n\n\n<li><strong><strong>Ayudan a conservar alimentos y materiales sensibles.<\/strong><\/strong><\/li>\n<\/ul>\n\n\n\n<h4 class=\"wp-block-heading has-text-color has-link-color wp-elements-fea1a8f82ba0e400c419269ac7c566fa\" style=\"color:#4682b4\"><strong><strong>Sectores que requieren control de humedad<\/strong><\/strong><\/h4>\n\n\n\n<ul class=\"wp-block-list\">\n<li><strong><strong>Almacenes de alimentos<\/strong><\/strong><\/li>\n\n\n\n<li><strong><strong>F\u00e1bricas con procesos sensibles<\/strong><\/strong><\/li>\n\n\n\n<li><strong><strong>Log\u00edstica y almacenamiento<\/strong><\/strong><\/li>\n<\/ul>\n\n\n\n<h4 class=\"wp-block-heading has-text-color has-link-color wp-elements-2033d92eecf571bb7a75c7bf8a0f0da9\" style=\"color:#4682b4\"><strong><strong>Protege tu negocio de la humedad con OptimVent<\/strong><\/strong><\/h4>\n\n\n\n<p><strong><strong>Evita p\u00e9rdidas por condensaci\u00f3n y humedad.<\/strong><\/strong><\/p>\n\n\n\n<div class=\"wp-block-buttons is-content-justification-center is-layout-flex wp-container-core-buttons-is-layout-1 wp-block-buttons-is-layout-flex\">\n<div class=\"wp-block-button has-custom-width wp-block-button__width-50 is-style-outline custom-button is-style-outline--1\"><a class=\"wp-block-button__link wp-element-button\" href=\"https:\/\/optimvent.com\/es\/contactanos\/\"><strong><strong>Consulta con nuestros expertos y mejora tu ventilaci\u00f3n hoy<\/strong><\/strong><\/a><\/div>\n<\/div>\n\n\n\n<p class=\"border-bottom\"><\/p>\n","protected":false},"excerpt":{"rendered":"<p>Elimina la Humedad y Condensaci\u00f3n en tu Negocio La humedad en exceso puede generar moho, corrosi\u00f3n y da\u00f1os en productos almacenados. Los ventiladores HVLS de OptimVent controlan la condensaci\u00f3n y mantienen un ambiente seco y seguro. Ventiladores HVLS contra la humedad: \u00bfC\u00f3mo funcionan? Sectores que requieren control de humedad Protege tu negocio de la humedad [&hellip;]<\/p>\n","protected":false},"author":5,"featured_media":0,"parent":5912,"menu_order":0,"comment_status":"closed","ping_status":"closed","template":"page-no-title","meta":{"_seopress_robots_primary_cat":"","_seopress_titles_title":"","_seopress_titles_desc":"","_seopress_robots_index":"","footnotes":""},"class_list":["post-5935","page","type-page","status-publish","hentry"],"_links":{"self":[{"href":"https:\/\/optimvent.com\/es\/wp-json\/wp\/v2\/pages\/5935","targetHints":{"allow":["GET"]}}],"collection":[{"href":"https:\/\/optimvent.com\/es\/wp-json\/wp\/v2\/pages"}],"about":[{"href":"https:\/\/optimvent.com\/es\/wp-json\/wp\/v2\/types\/page"}],"author":[{"embeddable":true,"href":"https:\/\/optimvent.com\/es\/wp-json\/wp\/v2\/users\/5"}],"replies":[{"embeddable":true,"href":"https:\/\/optimvent.com\/es\/wp-json\/wp\/v2\/comments?post=5935"}],"version-history":[{"count":2,"href":"https:\/\/optimvent.com\/es\/wp-json\/wp\/v2\/pages\/5935\/revisions"}],"predecessor-version":[{"id":6231,"href":"https:\/\/optimvent.com\/es\/wp-json\/wp\/v2\/pages\/5935\/revisions\/6231"}],"up":[{"embeddable":true,"href":"https:\/\/optimvent.com\/es\/wp-json\/wp\/v2\/pages\/5912"}],"wp:attachment":[{"href":"https:\/\/optimvent.com\/es\/wp-json\/wp\/v2\/media?parent=5935"}],"curies":[{"name":"wp","href":"https:\/\/api.w.org\/{rel}","templated":true}]}}