{"id":5939,"date":"2025-04-10T13:39:08","date_gmt":"2025-04-10T12:39:08","guid":{"rendered":"https:\/\/optimvent.com\/?page_id=5939"},"modified":"2025-05-03T23:02:30","modified_gmt":"2025-05-03T22:02:30","slug":"estres-termico-trabajadores-animales","status":"publish","type":"page","link":"https:\/\/optimvent.com\/es\/soluciones\/estres-termico-trabajadores-animales\/","title":{"rendered":"Estr\u00e9s t\u00e9rmico"},"content":{"rendered":"\n<p class=\"border-bottom\"><\/p>\n\n\n\n<h2 class=\"wp-block-heading\"><strong><strong><strong>Reduce el Estr\u00e9s T\u00e9rmico y Mejora el Bienestar<\/strong><\/strong><\/strong><\/h2>\n\n\n\n<p><strong><strong><strong>Las altas temperaturas pueden afectar la productividad de los trabajadores y la salud de los animales en granjas. Los ventiladores HVLS de OptimVent crean un ambiente m\u00e1s fresco y saludable.<\/strong><\/strong><\/strong><\/p>\n\n\n\n<h3 class=\"wp-block-heading has-text-color has-link-color wp-elements-5e5bd58ae7f9295296dce87565fcf74d\" style=\"color:#4682b4\"><strong><strong>\u00bfC\u00f3mo los ventiladores HVLS ayudan a reducir el estr\u00e9s t\u00e9rmico?<\/strong><\/strong><\/h3>\n\n\n\n<ul class=\"wp-block-list is-style-default\">\n<li><strong><strong>Generan una brisa constante que disminuye la sensaci\u00f3n t\u00e9rmica.<\/strong><\/strong><\/li>\n\n\n\n<li><strong><strong>Reducen el calor acumulado en naves industriales y establos.<\/strong><\/strong><\/li>\n\n\n\n<li><strong><strong>Mejoran la oxigenaci\u00f3n y el confort en espacios cerrados.<\/strong><\/strong><\/li>\n<\/ul>\n\n\n\n<h4 class=\"wp-block-heading has-text-color has-link-color wp-elements-889e9ff08eeca2aef5490fd68eb6a958\" style=\"color:#4682b4\"><strong><strong>Sectores donde el estr\u00e9s t\u00e9rmico es un problema<\/strong><\/strong><\/h4>\n\n\n\n<ul class=\"wp-block-list\">\n<li><strong><strong>F\u00e1bricas y almacenes<\/strong><\/strong><\/li>\n\n\n\n<li><strong><strong>Granjas y establos<\/strong><\/strong><\/li>\n\n\n\n<li><strong><strong>Gimnasios y centros deportivos<\/strong><\/strong><\/li>\n<\/ul>\n\n\n\n<h4 class=\"wp-block-heading has-text-color has-link-color wp-elements-4255befa3a5838e32622ac2705782255\" style=\"color:#4682b4\"><strong><strong>Protege a tu equipo y mejora el confort con OptimVent<\/strong><\/strong><\/h4>\n\n\n\n<p><strong><strong>Un ambiente m\u00e1s fresco aumenta la productividad y el bienestar.<\/strong><\/strong><\/p>\n\n\n\n<div class=\"wp-block-buttons is-content-justification-center is-layout-flex wp-container-core-buttons-is-layout-1 wp-block-buttons-is-layout-flex\">\n<div class=\"wp-block-button has-custom-width wp-block-button__width-50 is-style-outline custom-button is-style-outline--1\"><a class=\"wp-block-button__link wp-element-button\" href=\"https:\/\/optimvent.com\/es\/contactanos\/\"><strong><strong>Solicita tu asesor\u00eda gratuita y optimiza tu espacio hoy<\/strong><\/strong><\/a><\/div>\n<\/div>\n\n\n\n<p class=\"border-bottom\"><\/p>\n","protected":false},"excerpt":{"rendered":"<p>Reduce el Estr\u00e9s T\u00e9rmico y Mejora el Bienestar Las altas temperaturas pueden afectar la productividad de los trabajadores y la salud de los animales en granjas. Los ventiladores HVLS de OptimVent crean un ambiente m\u00e1s fresco y saludable. \u00bfC\u00f3mo los ventiladores HVLS ayudan a reducir el estr\u00e9s t\u00e9rmico? Sectores donde el estr\u00e9s t\u00e9rmico es un [&hellip;]<\/p>\n","protected":false},"author":5,"featured_media":0,"parent":5912,"menu_order":0,"comment_status":"closed","ping_status":"closed","template":"page-no-title","meta":{"_seopress_robots_primary_cat":"","_seopress_titles_title":"","_seopress_titles_desc":"","_seopress_robots_index":"","footnotes":""},"class_list":["post-5939","page","type-page","status-publish","hentry"],"_links":{"self":[{"href":"https:\/\/optimvent.com\/es\/wp-json\/wp\/v2\/pages\/5939","targetHints":{"allow":["GET"]}}],"collection":[{"href":"https:\/\/optimvent.com\/es\/wp-json\/wp\/v2\/pages"}],"about":[{"href":"https:\/\/optimvent.com\/es\/wp-json\/wp\/v2\/types\/page"}],"author":[{"embeddable":true,"href":"https:\/\/optimvent.com\/es\/wp-json\/wp\/v2\/users\/5"}],"replies":[{"embeddable":true,"href":"https:\/\/optimvent.com\/es\/wp-json\/wp\/v2\/comments?post=5939"}],"version-history":[{"count":2,"href":"https:\/\/optimvent.com\/es\/wp-json\/wp\/v2\/pages\/5939\/revisions"}],"predecessor-version":[{"id":6236,"href":"https:\/\/optimvent.com\/es\/wp-json\/wp\/v2\/pages\/5939\/revisions\/6236"}],"up":[{"embeddable":true,"href":"https:\/\/optimvent.com\/es\/wp-json\/wp\/v2\/pages\/5912"}],"wp:attachment":[{"href":"https:\/\/optimvent.com\/es\/wp-json\/wp\/v2\/media?parent=5939"}],"curies":[{"name":"wp","href":"https:\/\/api.w.org\/{rel}","templated":true}]}}