{"id":5940,"date":"2025-04-10T13:42:33","date_gmt":"2025-04-10T12:42:33","guid":{"rendered":"https:\/\/optimvent.com\/?page_id=5940"},"modified":"2025-05-03T23:09:56","modified_gmt":"2025-05-03T22:09:56","slug":"distribucion-uniforme-del-aire","status":"publish","type":"page","link":"https:\/\/optimvent.com\/es\/soluciones\/distribucion-uniforme-del-aire\/","title":{"rendered":"Distribucion uniforme del aire"},"content":{"rendered":"\n<p class=\"border-bottom\"><\/p>\n\n\n\n<h2 class=\"wp-block-heading\"><strong><strong><strong>Equilibra la Temperatura con una Ventilaci\u00f3n Uniforme<\/strong><\/strong><\/strong><\/h2>\n\n\n\n<p><strong><strong><strong>En grandes espacios, el aire caliente tiende a acumularse en las partes altas, creando zonas con diferentes temperaturas. Los ventiladores HVLS homogenizan el clima interior.<\/strong><\/strong><\/strong><\/p>\n\n\n\n<h3 class=\"wp-block-heading has-text-color has-link-color wp-elements-7a257b8f3bcf8db605d556f7c4f7bb8e\" style=\"color:#4682b4\"><strong><strong>\u00bfPor qu\u00e9 es importante una distribuci\u00f3n uniforme del aire?<\/strong><\/strong><\/h3>\n\n\n\n<ul class=\"wp-block-list is-style-default\">\n<li><strong><strong>Evita zonas fr\u00edas y calientes dentro del mismo espacio.<\/strong><\/strong><\/li>\n\n\n\n<li><strong><strong>Reduce el consumo de calefacci\u00f3n y aire acondicionado.<\/strong><\/strong><\/li>\n\n\n\n<li><strong><strong>Mantiene condiciones \u00f3ptimas en almacenes y l\u00edneas de producci\u00f3n.<\/strong><\/strong><\/li>\n<\/ul>\n\n\n\n<h4 class=\"wp-block-heading has-text-color has-link-color wp-elements-3a65992e465bc9afb59d4140c6d23173\" style=\"color:#4682b4\"><strong><strong>Lugares donde la distribuci\u00f3n del aire es clave<\/strong><\/strong><\/h4>\n\n\n\n<ul class=\"wp-block-list\">\n<li><strong>Industrias y f\u00e1bricas<\/strong><\/li>\n\n\n\n<li><strong><strong>C\u00e1maras de almacenamiento en fr\u00edo<\/strong><\/strong><\/li>\n\n\n\n<li><strong><strong>Centros comerciales y supermercados<\/strong><\/strong><\/li>\n<\/ul>\n\n\n\n<h4 class=\"wp-block-heading has-text-color has-link-color wp-elements-dfa50824c10d93c3ea3123ba65c31fce\" style=\"color:#4682b4\"><strong><strong>OptimVent soluciona la distribuci\u00f3n desigual del aire<\/strong><\/strong><\/h4>\n\n\n\n<p><strong><strong>Olv\u00eddate de los puntos calientes y fr\u00edos.<\/strong><\/strong><\/p>\n\n\n\n<div class=\"wp-block-buttons is-content-justification-center is-layout-flex wp-container-core-buttons-is-layout-1 wp-block-buttons-is-layout-flex\">\n<div class=\"wp-block-button has-custom-width wp-block-button__width-50 is-style-outline custom-button is-style-outline--1\"><a class=\"wp-block-button__link wp-element-button\" href=\"https:\/\/optimvent.com\/es\/contactanos\/\"><strong><strong>Cont\u00e1ctanos y mejora la climatizaci\u00f3n de tu negocio<\/strong><\/strong><\/a><\/div>\n<\/div>\n\n\n\n<p class=\"border-bottom\"><\/p>\n","protected":false},"excerpt":{"rendered":"<p>Equilibra la Temperatura con una Ventilaci\u00f3n Uniforme En grandes espacios, el aire caliente tiende a acumularse en las partes altas, creando zonas con diferentes temperaturas. Los ventiladores HVLS homogenizan el clima interior. \u00bfPor qu\u00e9 es importante una distribuci\u00f3n uniforme del aire? Lugares donde la distribuci\u00f3n del aire es clave OptimVent soluciona la distribuci\u00f3n desigual del [&hellip;]<\/p>\n","protected":false},"author":5,"featured_media":0,"parent":5912,"menu_order":0,"comment_status":"closed","ping_status":"closed","template":"page-no-title","meta":{"_seopress_robots_primary_cat":"","_seopress_titles_title":"","_seopress_titles_desc":"","_seopress_robots_index":"","footnotes":""},"class_list":["post-5940","page","type-page","status-publish","hentry"],"_links":{"self":[{"href":"https:\/\/optimvent.com\/es\/wp-json\/wp\/v2\/pages\/5940","targetHints":{"allow":["GET"]}}],"collection":[{"href":"https:\/\/optimvent.com\/es\/wp-json\/wp\/v2\/pages"}],"about":[{"href":"https:\/\/optimvent.com\/es\/wp-json\/wp\/v2\/types\/page"}],"author":[{"embeddable":true,"href":"https:\/\/optimvent.com\/es\/wp-json\/wp\/v2\/users\/5"}],"replies":[{"embeddable":true,"href":"https:\/\/optimvent.com\/es\/wp-json\/wp\/v2\/comments?post=5940"}],"version-history":[{"count":2,"href":"https:\/\/optimvent.com\/es\/wp-json\/wp\/v2\/pages\/5940\/revisions"}],"predecessor-version":[{"id":6238,"href":"https:\/\/optimvent.com\/es\/wp-json\/wp\/v2\/pages\/5940\/revisions\/6238"}],"up":[{"embeddable":true,"href":"https:\/\/optimvent.com\/es\/wp-json\/wp\/v2\/pages\/5912"}],"wp:attachment":[{"href":"https:\/\/optimvent.com\/es\/wp-json\/wp\/v2\/media?parent=5940"}],"curies":[{"name":"wp","href":"https:\/\/api.w.org\/{rel}","templated":true}]}}