{"id":5945,"date":"2025-04-10T13:39:33","date_gmt":"2025-04-10T12:39:33","guid":{"rendered":"https:\/\/optimvent.com\/?page_id=5945"},"modified":"2025-05-03T23:12:58","modified_gmt":"2025-05-03T22:12:58","slug":"ventilacion-industrial-eficiente","status":"publish","type":"page","link":"https:\/\/optimvent.com\/es\/soluciones\/ventilacion-industrial-eficiente\/","title":{"rendered":"Ventilaci\u00f3n eficiente"},"content":{"rendered":"\n<p class=\"border-bottom\"><\/p>\n\n\n\n<h2 class=\"wp-block-heading\"><strong><strong><strong>Alternativa Eficiente a los Sistemas de Ventilaci\u00f3n Tradicionales<\/strong><\/strong><\/strong><\/h2>\n\n\n\n<p><strong><strong><strong>Los sistemas de climatizaci\u00f3n convencionales pueden ser costosos y poco eficientes en grandes espacios. Los ventiladores HVLS son la soluci\u00f3n ideal para una ventilaci\u00f3n industrial eficiente.<\/strong><\/strong><\/strong><\/p>\n\n\n\n<h3 class=\"wp-block-heading has-text-color has-link-color wp-elements-f8b86607a077945b8d4d61144ba07366\" style=\"color:#4682b4\"><strong><strong>Beneficios de los ventiladores HVLS frente a otras opciones<\/strong><\/strong><\/h3>\n\n\n\n<ul class=\"wp-block-list is-style-default\">\n<li><strong><strong>Consumen menos energ\u00eda que los sistemas HVAC.<\/strong><\/strong><\/li>\n\n\n\n<li><strong><strong>Requieren menos mantenimiento y tienen mayor durabilidad.<\/strong><\/strong><\/li>\n\n\n\n<li><strong><strong>Cubren grandes \u00e1reas con un solo equipo.<\/strong><\/strong><\/li>\n<\/ul>\n\n\n\n<h4 class=\"wp-block-heading has-text-color has-link-color wp-elements-56db648426da13a290b9057ecf1540d6\" style=\"color:#4682b4\"><strong><strong>Espacios donde se necesita una ventilaci\u00f3n m\u00e1s eficiente<\/strong><\/strong><\/h4>\n\n\n\n<ul class=\"wp-block-list\">\n<li><strong><strong>F\u00e1bricas y naves industriales<\/strong><\/strong><\/li>\n\n\n\n<li><strong><strong>Centros log\u00edsticos y almacenes<\/strong><\/strong><\/li>\n\n\n\n<li><strong><strong>Grandes superficies y edificios comerciales<\/strong><\/strong><\/li>\n<\/ul>\n\n\n\n<h4 class=\"wp-block-heading has-text-color has-link-color wp-elements-6c8665e754734c8201d92392a9dae12c\" style=\"color:#4682b4\"><strong><strong>OptimVent revoluciona la ventilaci\u00f3n industrial<\/strong><\/strong><\/h4>\n\n\n\n<p><strong><strong>Haz que tu negocio sea m\u00e1s eficiente y sostenible.<\/strong><\/strong><\/p>\n\n\n\n<div class=\"wp-block-buttons is-content-justification-center is-layout-flex wp-container-core-buttons-is-layout-1 wp-block-buttons-is-layout-flex\">\n<div class=\"wp-block-button has-custom-width wp-block-button__width-50 is-style-outline custom-button is-style-outline--1\"><a class=\"wp-block-button__link wp-element-button\" href=\"https:\/\/optimvent.com\/es\/contactanos\/\"><strong><strong>Solicita una cotizaci\u00f3n y conoce nuestros modelos HVLS<\/strong><\/strong><\/a><\/div>\n<\/div>\n\n\n\n<p class=\"border-bottom\"><\/p>\n","protected":false},"excerpt":{"rendered":"<p>Alternativa Eficiente a los Sistemas de Ventilaci\u00f3n Tradicionales Los sistemas de climatizaci\u00f3n convencionales pueden ser costosos y poco eficientes en grandes espacios. Los ventiladores HVLS son la soluci\u00f3n ideal para una ventilaci\u00f3n industrial eficiente. Beneficios de los ventiladores HVLS frente a otras opciones Espacios donde se necesita una ventilaci\u00f3n m\u00e1s eficiente OptimVent revoluciona la ventilaci\u00f3n [&hellip;]<\/p>\n","protected":false},"author":5,"featured_media":0,"parent":5912,"menu_order":0,"comment_status":"closed","ping_status":"closed","template":"page-no-title","meta":{"_seopress_robots_primary_cat":"","_seopress_titles_title":"","_seopress_titles_desc":"","_seopress_robots_index":"","footnotes":""},"class_list":["post-5945","page","type-page","status-publish","hentry"],"_links":{"self":[{"href":"https:\/\/optimvent.com\/es\/wp-json\/wp\/v2\/pages\/5945","targetHints":{"allow":["GET"]}}],"collection":[{"href":"https:\/\/optimvent.com\/es\/wp-json\/wp\/v2\/pages"}],"about":[{"href":"https:\/\/optimvent.com\/es\/wp-json\/wp\/v2\/types\/page"}],"author":[{"embeddable":true,"href":"https:\/\/optimvent.com\/es\/wp-json\/wp\/v2\/users\/5"}],"replies":[{"embeddable":true,"href":"https:\/\/optimvent.com\/es\/wp-json\/wp\/v2\/comments?post=5945"}],"version-history":[{"count":2,"href":"https:\/\/optimvent.com\/es\/wp-json\/wp\/v2\/pages\/5945\/revisions"}],"predecessor-version":[{"id":6239,"href":"https:\/\/optimvent.com\/es\/wp-json\/wp\/v2\/pages\/5945\/revisions\/6239"}],"up":[{"embeddable":true,"href":"https:\/\/optimvent.com\/es\/wp-json\/wp\/v2\/pages\/5912"}],"wp:attachment":[{"href":"https:\/\/optimvent.com\/es\/wp-json\/wp\/v2\/media?parent=5945"}],"curies":[{"name":"wp","href":"https:\/\/api.w.org\/{rel}","templated":true}]}}